{"id":19670,"date":"2026-02-17T17:49:10","date_gmt":"2026-02-17T16:49:10","guid":{"rendered":"https:\/\/shop.allure.al\/product\/regenerating-calming-serum\/"},"modified":"2026-02-26T00:43:32","modified_gmt":"2026-02-25T23:43:32","slug":"regenerating-calming-serum","status":"publish","type":"product","link":"https:\/\/shop.allure.al\/en\/product\/regenerating-calming-serum\/","title":{"rendered":"Regenerating Calming Serum"},"content":{"rendered":"<p>Serum qet\u00ebsues dhe rigjenerues Merikit i formuluar posa\u00e7\u00ebrisht p\u00ebr l\u00ebkur\u00ebn e irrituar, t\u00eb ndjeshme dhe t\u00eb kuqe. Teknologjia PHYTOAGE me 8 bim\u00eb mjek\u00ebsore dhe SKIN PLUS CALM me ekstrakte shege, fiku dhe deodeok qet\u00ebsojn\u00eb shpejt l\u00ebkur\u00ebn dhe forcojn\u00eb barrier\u00ebn mbrojt\u00ebse. Centella Asiatica hidratuese dhe Mannan (nga rr\u00ebnja e konjak) me efekt t\u00eb shk\u00eblqyer ruajt\u00ebs lag\u00ebshtie, l\u00ebn\u00eb l\u00ebkur\u00ebn t\u00eb but\u00eb, t\u00eb qet\u00eb dhe me pamje t\u00eb sh\u00ebndetshme pas \u00e7do aplikimi.<\/p>\n<p>Pas tonikut, apliko sasi t\u00eb mjaftueshme n\u00eb t\u00eb gjith\u00eb fytyr\u00ebn dhe qaf\u00ebn. Trokiti leht\u00eb p\u00ebr thithje.<\/p>\n","protected":false},"excerpt":{"rendered":"<p>Serum profesional qet\u00ebsues me PHYTOAGE, SKIN PLUS CALM dhe Centella Asiatica. Redukton menj\u00ebher\u00eb skuqjet dhe forc\u00ebn barrier\u00ebn e l\u00ebkur\u00ebs s\u00eb ndjeshme dhe t\u00eb irrituar.<\/p>\n","protected":false},"featured_media":19115,"comment_status":"open","ping_status":"closed","template":"","meta":{"_acf_changed":false},"product_cat":[254],"product_tag":[87,1033],"class_list":{"0":"post-19670","1":"product","2":"type-product","3":"status-publish","4":"has-post-thumbnail","6":"product_cat-serum","7":"product_tag-sensitive","8":"product_tag-merikit","9":"pa_brands-merikit","11":"first","12":"instock","13":"shipping-taxable","14":"purchasable","15":"product-type-simple","swatches":"rey-swatches","show_selected":""},"acf":[],"_links":{"self":[{"href":"https:\/\/shop.allure.al\/en\/wp-json\/wp\/v2\/product\/19670","targetHints":{"allow":["GET"]}}],"collection":[{"href":"https:\/\/shop.allure.al\/en\/wp-json\/wp\/v2\/product"}],"about":[{"href":"https:\/\/shop.allure.al\/en\/wp-json\/wp\/v2\/types\/product"}],"replies":[{"embeddable":true,"href":"https:\/\/shop.allure.al\/en\/wp-json\/wp\/v2\/comments?post=19670"}],"version-history":[{"count":1,"href":"https:\/\/shop.allure.al\/en\/wp-json\/wp\/v2\/product\/19670\/revisions"}],"predecessor-version":[{"id":19803,"href":"https:\/\/shop.allure.al\/en\/wp-json\/wp\/v2\/product\/19670\/revisions\/19803"}],"wp:featuredmedia":[{"embeddable":true,"href":"https:\/\/shop.allure.al\/en\/wp-json\/wp\/v2\/media\/19115"}],"wp:attachment":[{"href":"https:\/\/shop.allure.al\/en\/wp-json\/wp\/v2\/media?parent=19670"}],"wp:term":[{"taxonomy":"product_cat","embeddable":true,"href":"https:\/\/shop.allure.al\/en\/wp-json\/wp\/v2\/product_cat?post=19670"},{"taxonomy":"product_tag","embeddable":true,"href":"https:\/\/shop.allure.al\/en\/wp-json\/wp\/v2\/product_tag?post=19670"}],"curies":[{"name":"wp","href":"https:\/\/api.w.org\/{rel}","templated":true}]}}