{"id":19671,"date":"2026-02-17T17:49:11","date_gmt":"2026-02-17T16:49:11","guid":{"rendered":"https:\/\/shop.allure.al\/product\/repairing-cream\/"},"modified":"2026-02-26T00:42:39","modified_gmt":"2026-02-25T23:42:39","slug":"repairing-cream","status":"publish","type":"product","link":"https:\/\/shop.allure.al\/en\/product\/repairing-cream\/","title":{"rendered":"Repairing Cream"},"content":{"rendered":"<p>AC Infusion Cream \u00ebsht\u00eb nj\u00eb krem i leht\u00eb, i but\u00eb dhe efektiv p\u00ebr l\u00ebkur\u00ebn e ndjeshme dhe t\u00eb shqet\u00ebsuar nga aknet. Me formul\u00eb t\u00eb pasur me p\u00ebrb\u00ebr\u00ebs aktiv\u00eb, ky krem thekson ndjesin\u00eb e qet\u00ebsis\u00eb dhe hidrimit t\u00eb p\u00ebrhersh\u00ebm, duke eliminuar skuqjet, shenjat post-akne dhe dukjet inflamatore. Fuqia e tij q\u00ebndron tek aft\u00ebsia p\u00ebr t\u00eb nd\u00ebrtuar nj\u00eb barrier\u00eb mbrojt\u00ebse t\u00eb fuqishme mbi l\u00ebkur\u00eb, duke parandaluar krijimin e akneve t\u00eb reja aktive. Tekstura e leht\u00eb absorbohet shpejt, duke l\u00ebn\u00eb l\u00ebkur\u00ebn t\u00eb ndjehet t\u00eb fresk\u00ebt, t\u00eb ngopur dhe t\u00eb mir\u00ebmbajtur pa vaj ose arom\u00eb t\u00eb fort\u00eb. Ky krem nuk vet\u00ebm p\u00ebrmir\u00ebson pamjen e p\u00ebrgjithshme, por gjithashtu vepron n\u00eb m\u00ebnyr\u00eb hibride p\u00ebr t\u00eb shtypur shenjat e akneve q\u00eb tashm\u00eb jan\u00eb t\u00eb pranishme dhe p\u00ebr t\u00eb parandaluar shfaqjen e akneve t\u00eb reja, duke krijuar nj\u00eb mbrojtje t\u00eb fuqishme me kalimin e koh\u00ebs.<\/p>\n","protected":false},"excerpt":{"rendered":"<p><span dir=\"ltr\" role=\"presentation\">Kjo linj\u00eb qet\u00ebsuese dhe rigjall\u00ebruese e kujdesit t\u00eb l\u00ebkur\u00ebs hidraton fytyr\u00ebn dhe jep <\/span><span dir=\"ltr\" role=\"presentation\">nj\u00eb p\u00ebrfundim freskues dhe qet\u00ebsues n\u00eb l\u00ebkur\u00ebn e ndjeshme. Tekstura jo ngjit\u00ebse <\/span><span dir=\"ltr\" role=\"presentation\">\u00ebsht\u00eb shum\u00eb e p\u00ebrshtatshme dhe p\u00ebr l\u00ebkur\u00ebn e yndyrshme me prodhim t\u00eb tep\u00ebrt <\/span><span dir=\"ltr\" role=\"presentation\">sebumi.<\/span><br role=\"presentation\" \/><span dir=\"ltr\" role=\"presentation\">Seria Ac Infusion nuk bllokon poret, heq n\u00eb m\u00ebnyr\u00eb efektive produktet e kozmetik\u00ebs <\/span><span dir=\"ltr\" role=\"presentation\">t\u00eb pap\u00ebrshkrueshme nga uji, si dhe qelizat e vdekura t\u00eb l\u00ebkur\u00ebs. Kjo linj\u00eb <\/span><span dir=\"ltr\" role=\"presentation\">p\u00ebrmir\u00ebson tonalitetin, rikthen gjall\u00ebrin\u00eb dhe lag\u00ebshtin\u00eb n\u00eb l\u00ebkur\u00eb. Linja \u00ebsht\u00eb e <\/span><span dir=\"ltr\" role=\"presentation\">mbushur me p\u00ebrb\u00ebr\u00ebs natyral\u00eb duke p\u00ebrfshir\u00eb lulen e kamomilit, brokolin dhe <\/span><span dir=\"ltr\" role=\"presentation\">ekstraktin e veshtullit.<\/span><\/p>\n","protected":false},"featured_media":19046,"comment_status":"open","ping_status":"closed","template":"","meta":{"_acf_changed":false},"product_cat":[1418],"product_tag":[79,81,94,106],"class_list":{"0":"post-19671","1":"product","2":"type-product","3":"status-publish","4":"has-post-thumbnail","6":"product_cat-krem","7":"product_tag-akneike","8":"product_tag-hiperpigmentim","9":"product_tag-e-yndyrshme","10":"product_tag-pa-shkelqim","12":"first","13":"instock","14":"shipping-taxable","15":"purchasable","16":"product-type-simple","swatches":"rey-swatches","show_selected":""},"acf":[],"_links":{"self":[{"href":"https:\/\/shop.allure.al\/en\/wp-json\/wp\/v2\/product\/19671","targetHints":{"allow":["GET"]}}],"collection":[{"href":"https:\/\/shop.allure.al\/en\/wp-json\/wp\/v2\/product"}],"about":[{"href":"https:\/\/shop.allure.al\/en\/wp-json\/wp\/v2\/types\/product"}],"replies":[{"embeddable":true,"href":"https:\/\/shop.allure.al\/en\/wp-json\/wp\/v2\/comments?post=19671"}],"version-history":[{"count":1,"href":"https:\/\/shop.allure.al\/en\/wp-json\/wp\/v2\/product\/19671\/revisions"}],"predecessor-version":[{"id":19736,"href":"https:\/\/shop.allure.al\/en\/wp-json\/wp\/v2\/product\/19671\/revisions\/19736"}],"wp:featuredmedia":[{"embeddable":true,"href":"https:\/\/shop.allure.al\/en\/wp-json\/wp\/v2\/media\/19046"}],"wp:attachment":[{"href":"https:\/\/shop.allure.al\/en\/wp-json\/wp\/v2\/media?parent=19671"}],"wp:term":[{"taxonomy":"product_cat","embeddable":true,"href":"https:\/\/shop.allure.al\/en\/wp-json\/wp\/v2\/product_cat?post=19671"},{"taxonomy":"product_tag","embeddable":true,"href":"https:\/\/shop.allure.al\/en\/wp-json\/wp\/v2\/product_tag?post=19671"}],"curies":[{"name":"wp","href":"https:\/\/api.w.org\/{rel}","templated":true}]}}