{"id":19675,"date":"2026-02-17T17:49:15","date_gmt":"2026-02-17T16:49:15","guid":{"rendered":"https:\/\/shop.allure.al\/product\/rf-plus-magic-cream\/"},"modified":"2026-02-26T00:42:38","modified_gmt":"2026-02-25T23:42:38","slug":"rf-plus-magic-cream","status":"publish","type":"product","link":"https:\/\/shop.allure.al\/en\/product\/rf-plus-magic-cream\/","title":{"rendered":"RF\/Plus Magic Cream"},"content":{"rendered":"<p>Bellmona RF\/Plus Magic Cream \u00ebsht\u00eb nj\u00eb krem profesional i formuluar p\u00ebr trajtime me RF (radiofrequency) dhe pajisje estetike. Ndihmon n\u00eb modelimin e konturit t\u00eb trupit dhe fytyr\u00ebs, duke transportuar p\u00ebrb\u00ebr\u00ebsit aktiv\u00eb thell\u00eb n\u00eb l\u00ebkur\u00eb gjat\u00eb trajtimeve estetike.<\/p>\n","protected":false},"excerpt":{"rendered":"<p>Krem profesional p\u00ebr trajtime RF dhe modelim t\u00eb konturit.<\/p>\n","protected":false},"featured_media":19154,"comment_status":"open","ping_status":"closed","template":"","meta":{"_acf_changed":false},"product_cat":[1418],"product_tag":[82,1026],"class_list":{"0":"post-19675","1":"product","2":"type-product","3":"status-publish","4":"has-post-thumbnail","6":"product_cat-krem","7":"product_tag-me-rrudha","8":"product_tag-bellmona","9":"pa_brands-merikit","11":"first","12":"instock","13":"shipping-taxable","14":"purchasable","15":"product-type-simple","swatches":"rey-swatches","show_selected":""},"acf":[],"_links":{"self":[{"href":"https:\/\/shop.allure.al\/en\/wp-json\/wp\/v2\/product\/19675","targetHints":{"allow":["GET"]}}],"collection":[{"href":"https:\/\/shop.allure.al\/en\/wp-json\/wp\/v2\/product"}],"about":[{"href":"https:\/\/shop.allure.al\/en\/wp-json\/wp\/v2\/types\/product"}],"replies":[{"embeddable":true,"href":"https:\/\/shop.allure.al\/en\/wp-json\/wp\/v2\/comments?post=19675"}],"version-history":[{"count":1,"href":"https:\/\/shop.allure.al\/en\/wp-json\/wp\/v2\/product\/19675\/revisions"}],"predecessor-version":[{"id":19883,"href":"https:\/\/shop.allure.al\/en\/wp-json\/wp\/v2\/product\/19675\/revisions\/19883"}],"wp:featuredmedia":[{"embeddable":true,"href":"https:\/\/shop.allure.al\/en\/wp-json\/wp\/v2\/media\/19154"}],"wp:attachment":[{"href":"https:\/\/shop.allure.al\/en\/wp-json\/wp\/v2\/media?parent=19675"}],"wp:term":[{"taxonomy":"product_cat","embeddable":true,"href":"https:\/\/shop.allure.al\/en\/wp-json\/wp\/v2\/product_cat?post=19675"},{"taxonomy":"product_tag","embeddable":true,"href":"https:\/\/shop.allure.al\/en\/wp-json\/wp\/v2\/product_tag?post=19675"}],"curies":[{"name":"wp","href":"https:\/\/api.w.org\/{rel}","templated":true}]}}