{"id":19676,"date":"2026-02-17T17:49:16","date_gmt":"2026-02-17T16:49:16","guid":{"rendered":"https:\/\/shop.allure.al\/product\/rich-base-cream\/"},"modified":"2026-02-26T00:42:37","modified_gmt":"2026-02-25T23:42:37","slug":"rich-base-cream","status":"publish","type":"product","link":"https:\/\/shop.allure.al\/en\/product\/rich-base-cream\/","title":{"rendered":"Rich Base Cream"},"content":{"rendered":"<p>Bellmona Rich Base Cream \u00ebsht\u00eb nj\u00eb krem baz\u00eb i pasur me tekstur\u00eb kremoze, ideal si baz\u00eb pas trajtimeve estetike dhe si krem hidratues intensiv. Formula e tij mbron barrier\u00ebn mbrojt\u00ebse t\u00eb l\u00ebkur\u00ebs, ushqen dhe rikthen elasticitetin.<\/p>\n","protected":false},"excerpt":{"rendered":"<p>Krem baz\u00eb i pasur p\u00ebr hidratim intensiv dhe mbrojtje t\u00eb l\u00ebkur\u00ebs.<\/p>\n","protected":false},"featured_media":19128,"comment_status":"open","ping_status":"closed","template":"","meta":{"_acf_changed":false},"product_cat":[1418],"product_tag":[84,1026],"class_list":{"0":"post-19676","1":"product","2":"type-product","3":"status-publish","4":"has-post-thumbnail","6":"product_cat-krem","7":"product_tag-normale","8":"product_tag-bellmona","9":"pa_brands-merikit","11":"first","12":"instock","13":"shipping-taxable","14":"purchasable","15":"product-type-simple","swatches":"rey-swatches","show_selected":""},"acf":[],"_links":{"self":[{"href":"https:\/\/shop.allure.al\/en\/wp-json\/wp\/v2\/product\/19676","targetHints":{"allow":["GET"]}}],"collection":[{"href":"https:\/\/shop.allure.al\/en\/wp-json\/wp\/v2\/product"}],"about":[{"href":"https:\/\/shop.allure.al\/en\/wp-json\/wp\/v2\/types\/product"}],"replies":[{"embeddable":true,"href":"https:\/\/shop.allure.al\/en\/wp-json\/wp\/v2\/comments?post=19676"}],"version-history":[{"count":2,"href":"https:\/\/shop.allure.al\/en\/wp-json\/wp\/v2\/product\/19676\/revisions"}],"predecessor-version":[{"id":19884,"href":"https:\/\/shop.allure.al\/en\/wp-json\/wp\/v2\/product\/19676\/revisions\/19884"}],"wp:featuredmedia":[{"embeddable":true,"href":"https:\/\/shop.allure.al\/en\/wp-json\/wp\/v2\/media\/19128"}],"wp:attachment":[{"href":"https:\/\/shop.allure.al\/en\/wp-json\/wp\/v2\/media?parent=19676"}],"wp:term":[{"taxonomy":"product_cat","embeddable":true,"href":"https:\/\/shop.allure.al\/en\/wp-json\/wp\/v2\/product_cat?post=19676"},{"taxonomy":"product_tag","embeddable":true,"href":"https:\/\/shop.allure.al\/en\/wp-json\/wp\/v2\/product_tag?post=19676"}],"curies":[{"name":"wp","href":"https:\/\/api.w.org\/{rel}","templated":true}]}}