{"id":19677,"date":"2026-02-17T17:49:17","date_gmt":"2026-02-17T16:49:17","guid":{"rendered":"https:\/\/shop.allure.al\/product\/rose-water-proof-lipeye-remover\/"},"modified":"2026-02-26T00:43:31","modified_gmt":"2026-02-25T23:43:31","slug":"rose-water-proof-lipeye-remover","status":"publish","type":"product","link":"https:\/\/shop.allure.al\/en\/product\/rose-water-proof-lipeye-remover\/","title":{"rendered":"Rose Water-Proof Lip&#038;Eye Remover"},"content":{"rendered":"<p>Lar\u00ebs waterproof p\u00ebr buz\u00eb dhe sy Merikit me uj\u00eb tr\u00ebndafili dhe ekstrakt \u00e7aji jeshil, i formuluar p\u00ebr t\u00eb hequr me but\u00ebsi dhe efektivitet edhe makeup-in m\u00eb rezistent dhe waterproof. Ekstrakt \u00e7aji jeshil i pasur me vitamina C dhe E qet\u00ebson, mbron dhe forcon l\u00ebkur\u00ebn e holl\u00eb delikate rreth syve dhe buz\u00ebve, nd\u00ebrkoh\u00eb q\u00eb largon papast\u00ebrtit\u00eb pa f\u00ebrkuar apo irrituar. Formula dyshtresore shkundoset mir\u00eb para p\u00ebrdorimit p\u00ebr efikasitet optimal. E sigurt p\u00ebr kontaktet dhe e p\u00ebrshtatshme p\u00ebr t\u00eb gjitha llojet e l\u00ebkur\u00ebs, p\u00ebrfshir\u00eb l\u00ebkur\u00ebn shum\u00eb t\u00eb ndjeshme.<\/p>\n","protected":false},"excerpt":{"rendered":"<p>Lar\u00ebs waterproof i but\u00eb p\u00ebr sy dhe buz\u00eb me uj\u00eb tr\u00ebndafili dhe \u00e7aj jeshil. Heq makeup-in rezistent pa irrituar zon\u00ebn delikate rreth syve dhe buz\u00ebve.<\/p>\n","protected":false},"featured_media":19134,"comment_status":"open","ping_status":"closed","template":"","meta":{"_acf_changed":false},"product_cat":[250],"product_tag":[84,1033],"class_list":{"0":"post-19677","1":"product","2":"type-product","3":"status-publish","4":"has-post-thumbnail","6":"product_cat-lares","7":"product_tag-normale","8":"product_tag-merikit","9":"pa_brands-merikit","11":"first","12":"instock","13":"shipping-taxable","14":"purchasable","15":"product-type-simple","swatches":"rey-swatches","show_selected":""},"acf":[],"_links":{"self":[{"href":"https:\/\/shop.allure.al\/en\/wp-json\/wp\/v2\/product\/19677","targetHints":{"allow":["GET"]}}],"collection":[{"href":"https:\/\/shop.allure.al\/en\/wp-json\/wp\/v2\/product"}],"about":[{"href":"https:\/\/shop.allure.al\/en\/wp-json\/wp\/v2\/types\/product"}],"replies":[{"embeddable":true,"href":"https:\/\/shop.allure.al\/en\/wp-json\/wp\/v2\/comments?post=19677"}],"version-history":[{"count":1,"href":"https:\/\/shop.allure.al\/en\/wp-json\/wp\/v2\/product\/19677\/revisions"}],"predecessor-version":[{"id":19834,"href":"https:\/\/shop.allure.al\/en\/wp-json\/wp\/v2\/product\/19677\/revisions\/19834"}],"wp:featuredmedia":[{"embeddable":true,"href":"https:\/\/shop.allure.al\/en\/wp-json\/wp\/v2\/media\/19134"}],"wp:attachment":[{"href":"https:\/\/shop.allure.al\/en\/wp-json\/wp\/v2\/media?parent=19677"}],"wp:term":[{"taxonomy":"product_cat","embeddable":true,"href":"https:\/\/shop.allure.al\/en\/wp-json\/wp\/v2\/product_cat?post=19677"},{"taxonomy":"product_tag","embeddable":true,"href":"https:\/\/shop.allure.al\/en\/wp-json\/wp\/v2\/product_tag?post=19677"}],"curies":[{"name":"wp","href":"https:\/\/api.w.org\/{rel}","templated":true}]}}