{"id":19678,"date":"2026-02-17T17:49:18","date_gmt":"2026-02-17T16:49:18","guid":{"rendered":"https:\/\/shop.allure.al\/product\/s-holic-hot-cream\/"},"modified":"2026-02-26T00:42:35","modified_gmt":"2026-02-25T23:42:35","slug":"s-holic-hot-cream","status":"publish","type":"product","link":"https:\/\/shop.allure.al\/en\/product\/s-holic-hot-cream\/","title":{"rendered":"S-Holic Hot Cream"},"content":{"rendered":"<p>Krem nxeh\u00ebs termik S-Holic Merikit me Phosphatidylcholine aktive, i ideuar p\u00ebr tonifikimin dhe firmosjen e linjave t\u00eb trupit. Formula unike krijon efekt nxeht\u00ebsie natyral n\u00eb kontakt me l\u00ebkur\u00ebn, duke nxitur qarkullimin e gjakut dhe metabolizmin lokal. Phosphatidylcholine ndihmon n\u00eb uljen e depozitave t\u00eb dhjamit dhe firmos indet, duke p\u00ebrmir\u00ebsuar pamjen e l\u00ebkur\u00ebs s\u00eb relaksuar. Ideal para masazhit trupor profesional p\u00ebr rezultate shp\u00ebrb\u00ebr\u00ebse dhe form\u00ebsuese. Aplikohet n\u00eb kofsh\u00eb, bark, mure barkut dhe zona me celulit\u00eb.<\/p>\n","protected":false},"excerpt":{"rendered":"<p>Krem nxeh\u00ebs trupor me Phosphatidylcholine p\u00ebr tonifikim dhe firmosje. Nxit qarkullimin dhe metabolizmin lokal, ideal para masazhit anti-celulit\u00eb.<\/p>\n","protected":false},"featured_media":19117,"comment_status":"open","ping_status":"closed","template":"","meta":{"_acf_changed":false},"product_cat":[1418],"product_tag":[1033,84],"class_list":{"0":"post-19678","1":"product","2":"type-product","3":"status-publish","4":"has-post-thumbnail","6":"product_cat-krem","7":"product_tag-merikit","8":"product_tag-normale","9":"pa_brands-merikit","11":"first","12":"instock","13":"shipping-taxable","14":"purchasable","15":"product-type-simple","swatches":"rey-swatches","show_selected":""},"acf":[],"_links":{"self":[{"href":"https:\/\/shop.allure.al\/en\/wp-json\/wp\/v2\/product\/19678","targetHints":{"allow":["GET"]}}],"collection":[{"href":"https:\/\/shop.allure.al\/en\/wp-json\/wp\/v2\/product"}],"about":[{"href":"https:\/\/shop.allure.al\/en\/wp-json\/wp\/v2\/types\/product"}],"replies":[{"embeddable":true,"href":"https:\/\/shop.allure.al\/en\/wp-json\/wp\/v2\/comments?post=19678"}],"version-history":[{"count":2,"href":"https:\/\/shop.allure.al\/en\/wp-json\/wp\/v2\/product\/19678\/revisions"}],"predecessor-version":[{"id":19845,"href":"https:\/\/shop.allure.al\/en\/wp-json\/wp\/v2\/product\/19678\/revisions\/19845"}],"wp:featuredmedia":[{"embeddable":true,"href":"https:\/\/shop.allure.al\/en\/wp-json\/wp\/v2\/media\/19117"}],"wp:attachment":[{"href":"https:\/\/shop.allure.al\/en\/wp-json\/wp\/v2\/media?parent=19678"}],"wp:term":[{"taxonomy":"product_cat","embeddable":true,"href":"https:\/\/shop.allure.al\/en\/wp-json\/wp\/v2\/product_cat?post=19678"},{"taxonomy":"product_tag","embeddable":true,"href":"https:\/\/shop.allure.al\/en\/wp-json\/wp\/v2\/product_tag?post=19678"}],"curies":[{"name":"wp","href":"https:\/\/api.w.org\/{rel}","templated":true}]}}