{"id":19679,"date":"2026-02-17T17:49:19","date_gmt":"2026-02-17T16:49:19","guid":{"rendered":"https:\/\/shop.allure.al\/product\/sheet-mask-brightening\/"},"modified":"2026-02-26T00:43:29","modified_gmt":"2026-02-25T23:43:29","slug":"sheet-mask-brightening","status":"publish","type":"product","link":"https:\/\/shop.allure.al\/en\/product\/sheet-mask-brightening\/","title":{"rendered":"Sheet Mask &#8211; Brightening"},"content":{"rendered":"<p>Mask\u00eb fletre ndri\u00e7uese Merikit me ekstrakte aktive natyrale p\u00ebr ndri\u00e7im, hidratim dhe rigjall\u00ebrim t\u00eb l\u00ebkur\u00ebs s\u00eb shurdh\u00ebt dhe pa jet\u00eb. Serumi i pasur i ngoptur n\u00eb flet\u00ebn e mask\u00ebs thithet plot\u00ebsisht n\u00eb l\u00ebkur\u00eb gjat\u00eb 15\u201320 minutave t\u00eb aplikimit, duke ndri\u00e7uar tonin, duke reduktuar njollat e err\u00ebta dhe duke l\u00ebn\u00eb l\u00ebkur\u00ebn t\u00eb but\u00eb, t\u00eb hidratuar dhe me shk\u00eblqim natyral. Ingredient\u00ebt antioksidant\u00eb mbrojn\u00eb l\u00ebkur\u00ebn nga stresi i mjedisit. E p\u00ebrshtatshme si trajtim javor intensiv dhe efektiv p\u00ebr t\u00eb gjitha llojet e l\u00ebkur\u00ebs.<\/p>\n","protected":false},"excerpt":{"rendered":"<p>Mask\u00eb fletre ndri\u00e7uese me serum aktiv natyral. Ndri\u00e7on, hidraton dhe rigjall\u00ebron l\u00ebkur\u00ebn e shurdh\u00ebt brenda 15\u201320 minutave.<\/p>\n","protected":false},"featured_media":19038,"comment_status":"open","ping_status":"closed","template":"","meta":{"_acf_changed":false},"product_cat":[256],"product_tag":[84,1033],"class_list":{"0":"post-19679","1":"product","2":"type-product","3":"status-publish","4":"has-post-thumbnail","6":"product_cat-maska","7":"product_tag-normale","8":"product_tag-merikit","9":"pa_brands-merikit","11":"first","12":"instock","13":"shipping-taxable","14":"purchasable","15":"product-type-simple","swatches":"rey-swatches","show_selected":""},"acf":[],"_links":{"self":[{"href":"https:\/\/shop.allure.al\/en\/wp-json\/wp\/v2\/product\/19679","targetHints":{"allow":["GET"]}}],"collection":[{"href":"https:\/\/shop.allure.al\/en\/wp-json\/wp\/v2\/product"}],"about":[{"href":"https:\/\/shop.allure.al\/en\/wp-json\/wp\/v2\/types\/product"}],"replies":[{"embeddable":true,"href":"https:\/\/shop.allure.al\/en\/wp-json\/wp\/v2\/comments?post=19679"}],"version-history":[{"count":3,"href":"https:\/\/shop.allure.al\/en\/wp-json\/wp\/v2\/product\/19679\/revisions"}],"predecessor-version":[{"id":19863,"href":"https:\/\/shop.allure.al\/en\/wp-json\/wp\/v2\/product\/19679\/revisions\/19863"}],"wp:featuredmedia":[{"embeddable":true,"href":"https:\/\/shop.allure.al\/en\/wp-json\/wp\/v2\/media\/19038"}],"wp:attachment":[{"href":"https:\/\/shop.allure.al\/en\/wp-json\/wp\/v2\/media?parent=19679"}],"wp:term":[{"taxonomy":"product_cat","embeddable":true,"href":"https:\/\/shop.allure.al\/en\/wp-json\/wp\/v2\/product_cat?post=19679"},{"taxonomy":"product_tag","embeddable":true,"href":"https:\/\/shop.allure.al\/en\/wp-json\/wp\/v2\/product_tag?post=19679"}],"curies":[{"name":"wp","href":"https:\/\/api.w.org\/{rel}","templated":true}]}}