{"id":19680,"date":"2026-02-17T17:49:19","date_gmt":"2026-02-17T16:49:19","guid":{"rendered":"https:\/\/shop.allure.al\/product\/silky-peel\/"},"modified":"2026-02-26T00:43:30","modified_gmt":"2026-02-25T23:43:30","slug":"silky-peel","status":"publish","type":"product","link":"https:\/\/shop.allure.al\/en\/product\/silky-peel\/","title":{"rendered":"Silky Peel"},"content":{"rendered":"<p>Silky Peel 30 % AHA nga Bellmona \u00ebsht\u00eb nj\u00eb peeling premium q\u00eb kombinon fuqin\u00eb eksfoluese t\u00eb acideve me p\u00ebrb\u00ebr\u00ebs natyral\u00eb p\u00ebr t\u00eb rigjeneruar l\u00ebkur\u00ebn dhe p\u00ebr t\u2019i dh\u00ebn\u00eb asaj nj\u00eb pamje t\u00eb but\u00eb, t\u00eb shk\u00eblqyeshme dhe t\u00eb past\u00ebr. Me nj\u00eb pH prej rreth 3.2, ky produkt p\u00ebrfshin 20 % acid glikolik dhe 10 % acid laktik, duke punuar thell\u00eb p\u00ebr t\u00eb larguar qelizat e vdekura, p\u00ebr t\u00eb zbutur tonin e l\u00ebkur\u00ebs dhe p\u00ebr t\u00eb p\u00ebrmir\u00ebsuar elasticitetin. Eksfolimi i sip\u00ebrm me mikro-g\u00ebrvishtje q\u00eb shkaktohet prej k\u00ebtyre acideve lejon nj\u00eb rigjenerim t\u00eb duksh\u00ebm, zbehjen e njollave pigmentare dhe reduktimin e poreve t\u00eb zgjeruara, nd\u00ebrkoh\u00eb q\u00eb ekstraktet nga fruta si grani (pomegranate), fiku dhe l\u00ebngu i shpend\u00ebve japin antioksidant\u00eb dhe ushqim shtes\u00eb p\u00ebr l\u00ebkur\u00eb. Ai idealisht p\u00ebrdoret 1\u20132 her\u00eb n\u00eb jav\u00eb, sipas tipit t\u00eb l\u00ebkur\u00ebs, dhe nuk duhet l\u00ebn\u00eb m\u00eb shum\u00eb se 10 minuta \u2014 p\u00ebr l\u00ebkur\u00eb t\u00eb ndjeshme \/ t\u00eb holl\u00eb mund edhe m\u00eb pak koh\u00eb. Pas eksfolimit, k\u00ebshillohet p\u00ebrdorimi i hidratuesve t\u00eb qet\u00eb dhe i mbrojtjes diellore p\u00ebr t\u00eb ruajtur barrier\u00ebn mbrojt\u00ebse t\u00eb l\u00ebkur\u00ebs. Me kujdes dhe p\u00ebrdorim t\u00eb rregullt, Silky Peel sjell transformim n\u00eb tekstur\u00eb, unifikim t\u00eb nuanc\u00ebs, dhe rigjenerim t\u00eb duksh\u00ebm q\u00eb reflektohet n\u00eb nj\u00eb l\u00ebkur\u00eb m\u00eb rinore dhe t\u00ebrheq\u00ebse.<\/p>\n","protected":false},"excerpt":{"rendered":"<p>Silky Peel 30 % AHA \u00ebsht\u00eb nj\u00eb peeling intensiv me 20 % acid glikolik dhe 10 % acid laktik, q\u00eb largon qelizat e vdekura, zbeh njollat pigmentare, p\u00ebrmir\u00ebson elasticitetin dhe i b\u00ebn poret t\u00eb duken m\u00eb t\u00eb vogla. P\u00ebrdoreni 1\u20132 her\u00eb n\u00eb jav\u00eb p\u00ebr nj\u00eb l\u00ebkur\u00eb m\u00eb t\u00eb past\u00ebr, me shk\u00eblqim dhe rifreskim.<\/p>\n","protected":false},"featured_media":19047,"comment_status":"open","ping_status":"closed","template":"","meta":{"_acf_changed":false},"product_cat":[251],"product_tag":[87,94,1026],"class_list":{"0":"post-19680","1":"product","2":"type-product","3":"status-publish","4":"has-post-thumbnail","6":"product_cat-eksfoljues","7":"product_tag-sensitive","8":"product_tag-e-yndyrshme","9":"product_tag-bellmona","10":"pa_brands-bellmona","12":"first","13":"instock","14":"shipping-taxable","15":"purchasable","16":"product-type-simple","swatches":"rey-swatches","show_selected":""},"acf":[],"_links":{"self":[{"href":"https:\/\/shop.allure.al\/en\/wp-json\/wp\/v2\/product\/19680","targetHints":{"allow":["GET"]}}],"collection":[{"href":"https:\/\/shop.allure.al\/en\/wp-json\/wp\/v2\/product"}],"about":[{"href":"https:\/\/shop.allure.al\/en\/wp-json\/wp\/v2\/types\/product"}],"replies":[{"embeddable":true,"href":"https:\/\/shop.allure.al\/en\/wp-json\/wp\/v2\/comments?post=19680"}],"version-history":[{"count":2,"href":"https:\/\/shop.allure.al\/en\/wp-json\/wp\/v2\/product\/19680\/revisions"}],"predecessor-version":[{"id":19761,"href":"https:\/\/shop.allure.al\/en\/wp-json\/wp\/v2\/product\/19680\/revisions\/19761"}],"wp:featuredmedia":[{"embeddable":true,"href":"https:\/\/shop.allure.al\/en\/wp-json\/wp\/v2\/media\/19047"}],"wp:attachment":[{"href":"https:\/\/shop.allure.al\/en\/wp-json\/wp\/v2\/media?parent=19680"}],"wp:term":[{"taxonomy":"product_cat","embeddable":true,"href":"https:\/\/shop.allure.al\/en\/wp-json\/wp\/v2\/product_cat?post=19680"},{"taxonomy":"product_tag","embeddable":true,"href":"https:\/\/shop.allure.al\/en\/wp-json\/wp\/v2\/product_tag?post=19680"}],"curies":[{"name":"wp","href":"https:\/\/api.w.org\/{rel}","templated":true}]}}