{"id":19682,"date":"2026-02-17T17:49:24","date_gmt":"2026-02-17T16:49:24","guid":{"rendered":"https:\/\/shop.allure.al\/?post_type=product&#038;p=19682"},"modified":"2026-02-26T00:43:28","modified_gmt":"2026-02-25T23:43:28","slug":"stem-cell-skin","status":"publish","type":"product","link":"https:\/\/shop.allure.al\/en\/product\/stem-cell-skin\/","title":{"rendered":"Stem Cell Toner"},"content":{"rendered":"<p>Nj\u00eb tonik i avancuar, i leht\u00eb dhe me tekstur\u00eb likuide, i krijuar p\u00ebr t\u00eb rikthyer ekuilibrin, freskin\u00eb dhe vitalitetin e l\u00ebkur\u00ebs. Ronas Stem Cell Skin Toner kombinon fuqin\u00eb e qelizave staminale bimore me nj\u00eb kompleks hidratuese dhe antioksidant\u00ebsh, p\u00ebr t\u00eb p\u00ebrmir\u00ebsuar struktur\u00ebn dhe tekstur\u00ebn e l\u00ebkur\u00ebs, duke e l\u00ebn\u00eb at\u00eb t\u00eb ndjeshme, t\u00eb but\u00eb dhe t\u00eb ndri\u00e7uar.<br \/>\nKy tonik i ve\u00e7ant\u00eb ndihmon n\u00eb:<br \/>\nStabilizimin e pH-s\u00eb s\u00eb l\u00ebkur\u00ebs, duke ruajtur barrier\u00ebn mbrojt\u00ebse natyrale<br \/>\nRikthimin e ekuilibrit t\u00eb lag\u00ebshtis\u00eb, p\u00ebr nj\u00eb hidratim t\u00eb q\u00ebndruesh\u00ebm dhe t\u00eb thell\u00eb<br \/>\nP\u00ebrmir\u00ebsimin e tekstur\u00ebs dhe elasticitetit t\u00eb l\u00ebkur\u00ebs, duke e b\u00ebr\u00eb fytyr\u00ebn m\u00eb t\u00eb l\u00ebmuar dhe t\u00eb fresk\u00ebt<br \/>\nAktivizimin e rigjenerimit qelizor, fal\u00eb qelizave staminale bimore, q\u00eb ndihmojn\u00eb n\u00eb zbutjen e shenjave t\u00eb lodhjes dhe plakjes<br \/>\nQet\u00ebsimin e l\u00ebkur\u00ebs s\u00eb ndjeshme, duke ulur ndjeshm\u00ebrin\u00eb ndaj irritimeve dhe faktor\u00ebve mjedisor\u00eb<br \/>\nTekstura e tij ultra-e leht\u00eb p\u00ebrthithet menj\u00ebher\u00eb, duke l\u00ebn\u00eb pas nj\u00eb ndjesi freskie dhe hidratimi, dhe e b\u00ebn l\u00ebkur\u00ebn t\u00eb p\u00ebrgatitur n\u00eb m\u00ebnyr\u00eb ideale p\u00ebr serumet dhe kremrat pasardh\u00ebs.<\/p>\n","protected":false},"excerpt":{"rendered":"<p>Nj\u00eb tonik i leht\u00eb dhe intensiv q\u00eb rikthen ekuilibrin, hidratimin dhe freskin\u00eb e l\u00ebkur\u00ebs. Qelizat staminale bimore dhe ekstraktet hidratuese p\u00ebrmir\u00ebsojn\u00eb tekstur\u00ebn, stabilizojn\u00eb pH-n\u00eb dhe qet\u00ebsojn\u00eb l\u00ebkur\u00ebn e ndjeshme, duke l\u00ebn\u00eb nj\u00eb ndjesi t\u00eb but\u00eb dhe t\u00eb rigjeneruar.<\/p>\n","protected":false},"featured_media":19137,"comment_status":"open","ping_status":"closed","template":"","meta":{"_acf_changed":false},"product_cat":[252],"product_tag":[82,87,1071,1108],"class_list":{"0":"post-19682","1":"product","2":"type-product","3":"status-publish","4":"has-post-thumbnail","6":"product_cat-toner","7":"product_tag-me-rrudha","8":"product_tag-sensitive","9":"product_tag-toner","10":"product_tag-ronas","11":"pa_brands-bellmona","13":"first","14":"instock","15":"shipping-taxable","16":"purchasable","17":"product-type-simple","swatches":"rey-swatches","show_selected":""},"acf":[],"_links":{"self":[{"href":"https:\/\/shop.allure.al\/en\/wp-json\/wp\/v2\/product\/19682","targetHints":{"allow":["GET"]}}],"collection":[{"href":"https:\/\/shop.allure.al\/en\/wp-json\/wp\/v2\/product"}],"about":[{"href":"https:\/\/shop.allure.al\/en\/wp-json\/wp\/v2\/types\/product"}],"replies":[{"embeddable":true,"href":"https:\/\/shop.allure.al\/en\/wp-json\/wp\/v2\/comments?post=19682"}],"version-history":[{"count":2,"href":"https:\/\/shop.allure.al\/en\/wp-json\/wp\/v2\/product\/19682\/revisions"}],"predecessor-version":[{"id":19890,"href":"https:\/\/shop.allure.al\/en\/wp-json\/wp\/v2\/product\/19682\/revisions\/19890"}],"wp:featuredmedia":[{"embeddable":true,"href":"https:\/\/shop.allure.al\/en\/wp-json\/wp\/v2\/media\/19137"}],"wp:attachment":[{"href":"https:\/\/shop.allure.al\/en\/wp-json\/wp\/v2\/media?parent=19682"}],"wp:term":[{"taxonomy":"product_cat","embeddable":true,"href":"https:\/\/shop.allure.al\/en\/wp-json\/wp\/v2\/product_cat?post=19682"},{"taxonomy":"product_tag","embeddable":true,"href":"https:\/\/shop.allure.al\/en\/wp-json\/wp\/v2\/product_tag?post=19682"}],"curies":[{"name":"wp","href":"https:\/\/api.w.org\/{rel}","templated":true}]}}