{"id":19683,"date":"2026-02-17T17:49:24","date_gmt":"2026-02-17T16:49:24","guid":{"rendered":"https:\/\/shop.allure.al\/?post_type=product&#038;p=19683"},"modified":"2026-02-26T00:43:27","modified_gmt":"2026-02-25T23:43:27","slug":"stem-cell-z-serum","status":"publish","type":"product","link":"https:\/\/shop.allure.al\/en\/product\/stem-cell-z-serum\/","title":{"rendered":"Stem Cell Z Serum"},"content":{"rendered":"<p>Ronas Stem Cell Z Serum \u00ebsht\u00eb nj\u00eb serum unik n\u00eb form\u00eb ampule, i krijuar p\u00ebr t\u00eb adresuar hipersensitivitetin e l\u00ebkur\u00ebs, tendenc\u00ebn ndaj rosacea-s dhe ndjeshm\u00ebrin\u00eb e tep\u00ebrt. Ky serum intensiv kombinon fuqin\u00eb rigjeneruese t\u00eb qelizave staminale bimore me efektin qet\u00ebsues t\u00eb zinkut, duke rikthyer balanc\u00ebn natyrale t\u00eb l\u00ebkur\u00ebs dhe duke i dh\u00ebn\u00eb asaj nj\u00eb ndjesi rehatie dhe komoditeti t\u00eb menj\u00ebhersh\u00ebm.<\/p>\n<p>Tekstura e leht\u00eb dhe e p\u00ebrthithshme menj\u00ebher\u00eb dep\u00ebrton n\u00eb shtresat e thella t\u00eb epiderm\u00ebs, duke forcuar barrier\u00ebn mbrojt\u00ebse t\u00eb l\u00ebkur\u00ebs, zvog\u00ebluar skuqjen dhe irritimin, dhe p\u00ebrmir\u00ebsuar elasticitetin. Ky serum \u00ebsht\u00eb ideal p\u00ebr l\u00ebkur\u00eb t\u00eb ndjeshme, reactive dhe t\u00eb predispozuar ndaj skuqjes, duke e b\u00ebr\u00eb at\u00eb t\u00eb duket m\u00eb e qet\u00eb, e balancuar dhe e rigjall\u00ebruar.<\/p>\n","protected":false},"excerpt":{"rendered":"<p>Nj\u00eb serum intensiv n\u00eb form\u00eb ampule, i krijuar p\u00ebr t\u00eb reduktuar hipersensitivitetin, skuqjen dhe tendenc\u00ebn ndaj rosacea-s. Kombinimi i qelizave staminale bimore me zinkun rikthen balanc\u00ebn natyrale t\u00eb l\u00ebkur\u00ebs, qet\u00ebson irritimet dhe rigjall\u00ebron pamjen e saj, duke e b\u00ebr\u00eb l\u00ebkur\u00ebn t\u00eb duket e qet\u00eb, e balancuar dhe e ndri\u00e7uar.<\/p>\n","protected":false},"featured_media":19062,"comment_status":"open","ping_status":"closed","template":"","meta":{"_acf_changed":false},"product_cat":[254],"product_tag":[82,87,1108],"class_list":{"0":"post-19683","1":"product","2":"type-product","3":"status-publish","4":"has-post-thumbnail","6":"product_cat-serum","7":"product_tag-me-rrudha","8":"product_tag-sensitive","9":"product_tag-ronas","10":"pa_brands-ronas","12":"first","13":"instock","14":"shipping-taxable","15":"purchasable","16":"product-type-simple","swatches":"rey-swatches","show_selected":""},"acf":[],"_links":{"self":[{"href":"https:\/\/shop.allure.al\/en\/wp-json\/wp\/v2\/product\/19683","targetHints":{"allow":["GET"]}}],"collection":[{"href":"https:\/\/shop.allure.al\/en\/wp-json\/wp\/v2\/product"}],"about":[{"href":"https:\/\/shop.allure.al\/en\/wp-json\/wp\/v2\/types\/product"}],"replies":[{"embeddable":true,"href":"https:\/\/shop.allure.al\/en\/wp-json\/wp\/v2\/comments?post=19683"}],"version-history":[{"count":1,"href":"https:\/\/shop.allure.al\/en\/wp-json\/wp\/v2\/product\/19683\/revisions"}],"predecessor-version":[{"id":19699,"href":"https:\/\/shop.allure.al\/en\/wp-json\/wp\/v2\/product\/19683\/revisions\/19699"}],"wp:featuredmedia":[{"embeddable":true,"href":"https:\/\/shop.allure.al\/en\/wp-json\/wp\/v2\/media\/19062"}],"wp:attachment":[{"href":"https:\/\/shop.allure.al\/en\/wp-json\/wp\/v2\/media?parent=19683"}],"wp:term":[{"taxonomy":"product_cat","embeddable":true,"href":"https:\/\/shop.allure.al\/en\/wp-json\/wp\/v2\/product_cat?post=19683"},{"taxonomy":"product_tag","embeddable":true,"href":"https:\/\/shop.allure.al\/en\/wp-json\/wp\/v2\/product_tag?post=19683"}],"curies":[{"name":"wp","href":"https:\/\/api.w.org\/{rel}","templated":true}]}}