{"id":19684,"date":"2026-02-17T17:49:24","date_gmt":"2026-02-17T16:49:24","guid":{"rendered":"https:\/\/shop.allure.al\/?post_type=product&#038;p=19684"},"modified":"2026-02-26T00:43:26","modified_gmt":"2026-02-25T23:43:26","slug":"timeless-red-ampoule","status":"publish","type":"product","link":"https:\/\/shop.allure.al\/en\/product\/timeless-red-ampoule\/","title":{"rendered":"Timeless Red Ampoule"},"content":{"rendered":"<p>Timeless Red Ampoule \u00ebsht\u00eb nj\u00eb kur\u00eb rigjeneruese 30-ditore e krijuar p\u00ebr t\u00eb rikthyer vitalitetin, densitetin dhe nj\u00eb shk\u00eblqim t\u00eb but\u00eb, t\u00eb ngroht\u00eb n\u00eb l\u00ebkur\u00eb. Formula e saj \u00ebsht\u00eb e pasuruar me nj\u00eb p\u00ebrzierje t\u00eb avancuar antioksidant\u00ebsh dhe ekstraktesh bimore me ngjyr\u00eb natyrale t\u00eb kuqe \u2013 t\u00eb njohura p\u00ebr aft\u00ebsin\u00eb e tyre p\u00ebr t\u00eb stimuluar rinovimin qelizor, p\u00ebr t\u00eb reduktuar d\u00ebmtimet nga stresi oksidativ dhe p\u00ebr t\u00eb p\u00ebrforcuar barrier\u00ebn mbrojt\u00ebse t\u00eb l\u00ebkur\u00ebs.<\/p>\n<p>Tekstura e leht\u00eb p\u00ebrthithet menj\u00ebher\u00eb, duke i dh\u00ebn\u00eb l\u00ebkur\u00ebs ndjesin\u00eb e freskis\u00eb dhe rehatis\u00eb s\u00eb menj\u00ebhershme. Me p\u00ebrdorim t\u00eb p\u00ebrditsh\u00ebm, l\u00ebkura fiton elasticitet t\u00eb ri, b\u00ebhet m\u00eb e q\u00ebndrueshme, m\u00eb e ndri\u00e7uar, dhe duksh\u00ebm m\u00eb e sh\u00ebndetshme. Kjo ampul\u00eb p\u00ebrfaq\u00ebson nj\u00eb qasje t\u00eb sofistikuar ndaj skincare\u2014nj\u00eb ritual i p\u00ebrditsh\u00ebm restaurues, q\u00eb i kthen l\u00ebkur\u00ebs energjin\u00eb dhe balanc\u00ebn e humbur.<\/p>\n","protected":false},"excerpt":{"rendered":"<p>Ronas Timeless Red Ampoule \u00ebsht\u00eb nj\u00eb sistem rigjenerues n\u00eb form\u00eb ampule 30 ampula, i dizajnuar p\u00ebr t\u00eb forcuar elasticitetin e l\u00ebkur\u00ebs, zbutur rrudhat dhe rikthyer densitetin natyror p\u00ebrmes nj\u00eb sinergjie t\u00eb fuqishme antioksidant\u00ebsh dhe peptid\u00ebsh. \u00cbsht\u00eb ideal p\u00ebr l\u00ebkur\u00eb q\u00eb ka humbur q\u00ebndrueshm\u00ebri dhe \u201cvolum\u201d, dhe jep ndjesin\u00eb e nj\u00eb freskie rigjeneruese me \u00e7do aplikim.<\/p>\n","protected":false},"featured_media":19165,"comment_status":"open","ping_status":"closed","template":"","meta":{"_acf_changed":false},"product_cat":[253],"product_tag":[84,1108],"class_list":{"0":"post-19684","1":"product","2":"type-product","3":"status-publish","4":"has-post-thumbnail","6":"product_cat-ampule","7":"product_tag-normale","8":"product_tag-ronas","9":"pa_brands-ronas","11":"first","12":"instock","13":"shipping-taxable","14":"purchasable","15":"product-type-simple","swatches":"rey-swatches","show_selected":""},"acf":[],"_links":{"self":[{"href":"https:\/\/shop.allure.al\/en\/wp-json\/wp\/v2\/product\/19684","targetHints":{"allow":["GET"]}}],"collection":[{"href":"https:\/\/shop.allure.al\/en\/wp-json\/wp\/v2\/product"}],"about":[{"href":"https:\/\/shop.allure.al\/en\/wp-json\/wp\/v2\/types\/product"}],"replies":[{"embeddable":true,"href":"https:\/\/shop.allure.al\/en\/wp-json\/wp\/v2\/comments?post=19684"}],"version-history":[{"count":1,"href":"https:\/\/shop.allure.al\/en\/wp-json\/wp\/v2\/product\/19684\/revisions"}],"predecessor-version":[{"id":19709,"href":"https:\/\/shop.allure.al\/en\/wp-json\/wp\/v2\/product\/19684\/revisions\/19709"}],"wp:featuredmedia":[{"embeddable":true,"href":"https:\/\/shop.allure.al\/en\/wp-json\/wp\/v2\/media\/19165"}],"wp:attachment":[{"href":"https:\/\/shop.allure.al\/en\/wp-json\/wp\/v2\/media?parent=19684"}],"wp:term":[{"taxonomy":"product_cat","embeddable":true,"href":"https:\/\/shop.allure.al\/en\/wp-json\/wp\/v2\/product_cat?post=19684"},{"taxonomy":"product_tag","embeddable":true,"href":"https:\/\/shop.allure.al\/en\/wp-json\/wp\/v2\/product_tag?post=19684"}],"curies":[{"name":"wp","href":"https:\/\/api.w.org\/{rel}","templated":true}]}}