{"id":19685,"date":"2026-02-17T17:49:24","date_gmt":"2026-02-17T16:49:24","guid":{"rendered":"https:\/\/shop.allure.al\/?post_type=product&#038;p=19685"},"modified":"2026-02-26T00:43:25","modified_gmt":"2026-02-25T23:43:25","slug":"timeless-white-ampoule","status":"publish","type":"product","link":"https:\/\/shop.allure.al\/en\/product\/timeless-white-ampoule\/","title":{"rendered":"Timeless White Ampoule"},"content":{"rendered":"<p>Ronas Timeless White Ampoule \u00ebsht\u00eb nj\u00eb ampule i p\u00ebrqendruar dhe elegant, i dizenjuar si nj\u00eb kur\u00eb intensive 30-ditore q\u00eb transformon gradualisht dhe me but\u00ebsi tonin e l\u00ebkur\u00ebs. \u00c7do ampul\u00eb 2 ml p\u00ebrmban nj\u00eb sinergji t\u00eb delikate dhe efektive p\u00ebrb\u00ebr\u00ebsish zbardhues \u2013 niacinamide, arbutin dhe rr\u00ebnj\u00ebn e m\u00ebn\u00ebs \u2013 t\u00eb cil\u00ebt punojn\u00eb n\u00eb harmoni p\u00ebr t\u00eb penguar prodhimin e melanin\u00ebs, p\u00ebr t\u00eb qet\u00ebsuar inflamacionin dhe p\u00ebr t\u00eb reduktuar njollat pigmentare.<\/p>\n<p>N\u00eb thelb t\u00eb formul\u00ebs q\u00ebndron niacinamidi, nj\u00eb derivat i vitamin\u00ebs B3, i njohur p\u00ebr aft\u00ebsin\u00eb e tij t\u00eb fuqishme p\u00ebr t\u00eb rivendosur baraspesh\u00ebn e melanin\u00ebs dhe p\u00ebr t\u00eb parandaluar err\u00ebsimin e thelluar t\u00eb l\u00ebkur\u00ebs. S\u00ebrish, arbutina \u00ebsht\u00eb e p\u00ebrfshir\u00eb p\u00ebr t\u00eb bllokuar direkt enzimat p\u00ebrgjegj\u00ebse p\u00ebr prodhimin e pigmentit, nd\u00ebrsa rr\u00ebnja e m\u00ebn\u00ebs (Morus alba) sjell nj\u00eb efekt natyral dhe qet\u00ebsues q\u00eb redukton stresin oksidativ dhe pigmentimin q\u00eb vjen nga d\u00ebmtimet e diellit ose akneve.<\/p>\n<p>Tekstura e ampul\u00ebs \u00ebsht\u00eb e leht\u00eb, fluide, nj\u00eb qet\u00ebsues seren q\u00eb p\u00ebrthithet shpejt pa l\u00ebn\u00eb ndjesin\u00eb e nj\u00eb shtrese t\u00eb r\u00ebnd\u00eb. Gjat\u00eb 30 net\u00ebve t\u00eb p\u00ebrdorimit, ampulat zbresin gradualisht n\u00eb thell\u00ebsi, duke rregulluar tonin e l\u00ebkur\u00ebs me kujdes, korigjuar variacionet pigmentare dhe rikthyer nj\u00eb drit\u00eb natyrale. Ky ritual \u00ebsht\u00eb si nj\u00eb terapi luksi: \u00e7do mbr\u00ebmje, nj\u00eb doz\u00eb e p\u00ebrkushtuar q\u00eb punon n\u00eb nivel qelizor p\u00ebr t\u00eb transformuar sip\u00ebrfaqen e l\u00ebkur\u00ebs dhe p\u00ebr t\u00eb restauruar nj\u00eb uniformitet dhe shk\u00eblqim q\u00eb duket i brendsh\u00ebm dhe i natyrsh\u00ebm.<\/p>\n<p>Si pjes\u00eb e k\u00ebsaj kure, \u00ebsht\u00eb thelb\u00ebsore p\u00ebrdorimi i kremit me SPF p\u00ebrdit\u00eb, sepse mbrojtja nga dielli \u00ebsht\u00eb thelb p\u00ebr t\u00eb ruajtur efektet zbardhuese dhe p\u00ebr t\u00eb parandaluar rishfaqjen e njollave. N\u00eb fund t\u00eb 30 dit\u00ebve, l\u00ebkura ka potencialin t\u00eb duket m\u00eb uniforme, m\u00eb e ndritshme, m\u00eb e qet\u00eb dhe m\u00eb e rinovuar \u2013 jo vet\u00ebm si pasoj\u00eb e zbardhjes, por e nj\u00eb rigjenerimi t\u00eb v\u00ebrtet\u00eb t\u00eb tonit dhe pamjes.<\/p>\n","protected":false},"excerpt":{"rendered":"<p>Ampula Timeless White e Ronas \u00ebsht\u00eb nj\u00eb trajtim intensiv 30-ditor, q\u00eb ndihmon n\u00eb zbardhimin e tonit t\u00eb l\u00ebkur\u00ebs dhe n\u00eb reduktimin e njollave. Ajo p\u00ebrmban niacinamide, arbutin dhe ekstrakt nga rr\u00ebnja e m\u00ebn\u00ebs p\u00ebr t\u00eb bashkuar efektin zbardhues me qet\u00ebsimin, duke i dh\u00ebn\u00eb l\u00ebkur\u00ebs nj\u00eb shk\u00eblqim t\u00eb natyrsh\u00ebm dhe uniformitet.<\/p>\n","protected":false},"featured_media":19166,"comment_status":"open","ping_status":"closed","template":"","meta":{"_acf_changed":false},"product_cat":[253],"product_tag":[79,1108],"class_list":{"0":"post-19685","1":"product","2":"type-product","3":"status-publish","4":"has-post-thumbnail","6":"product_cat-ampule","7":"product_tag-akneike","8":"product_tag-ronas","9":"pa_brands-ronas","11":"first","12":"instock","13":"shipping-taxable","14":"purchasable","15":"product-type-simple","swatches":"rey-swatches","show_selected":""},"acf":[],"_links":{"self":[{"href":"https:\/\/shop.allure.al\/en\/wp-json\/wp\/v2\/product\/19685","targetHints":{"allow":["GET"]}}],"collection":[{"href":"https:\/\/shop.allure.al\/en\/wp-json\/wp\/v2\/product"}],"about":[{"href":"https:\/\/shop.allure.al\/en\/wp-json\/wp\/v2\/types\/product"}],"replies":[{"embeddable":true,"href":"https:\/\/shop.allure.al\/en\/wp-json\/wp\/v2\/comments?post=19685"}],"version-history":[{"count":1,"href":"https:\/\/shop.allure.al\/en\/wp-json\/wp\/v2\/product\/19685\/revisions"}],"predecessor-version":[{"id":19710,"href":"https:\/\/shop.allure.al\/en\/wp-json\/wp\/v2\/product\/19685\/revisions\/19710"}],"wp:featuredmedia":[{"embeddable":true,"href":"https:\/\/shop.allure.al\/en\/wp-json\/wp\/v2\/media\/19166"}],"wp:attachment":[{"href":"https:\/\/shop.allure.al\/en\/wp-json\/wp\/v2\/media?parent=19685"}],"wp:term":[{"taxonomy":"product_cat","embeddable":true,"href":"https:\/\/shop.allure.al\/en\/wp-json\/wp\/v2\/product_cat?post=19685"},{"taxonomy":"product_tag","embeddable":true,"href":"https:\/\/shop.allure.al\/en\/wp-json\/wp\/v2\/product_tag?post=19685"}],"curies":[{"name":"wp","href":"https:\/\/api.w.org\/{rel}","templated":true}]}}