{"id":19689,"date":"2026-02-17T17:49:28","date_gmt":"2026-02-17T16:49:28","guid":{"rendered":"https:\/\/shop.allure.al\/product\/stem-cell-ampule\/"},"modified":"2026-02-26T00:43:23","modified_gmt":"2026-02-25T23:43:23","slug":"stem-cell-ampule","status":"publish","type":"product","link":"https:\/\/shop.allure.al\/en\/product\/stem-cell-ampule\/","title":{"rendered":"Stem Cell Ampule"},"content":{"rendered":"<p>Bellmona Stem Cell Ampoule \u00ebsht\u00eb nj\u00eb formul\u00eb e avancuar rigjeneruese, e krijuar p\u00ebr t\u00eb ofruar nj\u00eb trajtim intensiv p\u00ebr l\u00ebkur\u00ebn q\u00eb ka humbur elasticitetin dhe vitalitetin. E pasur me qeliza staminale bimore dhe komplekse bioaktive, kjo ampul\u00eb vepron thell\u00eb p\u00ebr t\u00eb stimuluar proceset natyrale t\u00eb rigjenerimit qelizor dhe p\u00ebr t\u00eb mb\u00ebshtetur riparimin e d\u00ebmeve t\u00eb shkaktuara nga faktor\u00ebt mjedisor\u00eb, stresi dhe plakja e parakohshme. Tekstura e saj e leht\u00eb p\u00ebrthithet menj\u00ebher\u00eb, duke i dh\u00ebn\u00eb l\u00ebkur\u00ebs hidratim t\u00eb fuqish\u00ebm dhe nj\u00eb shk\u00eblqim t\u00eb sh\u00ebndetsh\u00ebm. Me p\u00ebrdorim t\u00eb rregullt, Stem Cell Ampoule redukton duksh\u00ebm shenjat e lodhjes, zbut rrudhat e imta dhe qet\u00ebson irritimet, duke e l\u00ebn\u00eb l\u00ebkur\u00ebn m\u00eb t\u00eb fort\u00eb, t\u00eb fresk\u00ebt dhe t\u00eb rinovuar. Ky \u00ebsht\u00eb nj\u00eb hap i domosdosh\u00ebm n\u00eb rutin\u00ebn e kujdesit p\u00ebr l\u00ebkur\u00ebn, p\u00ebr ata q\u00eb k\u00ebrkojn\u00eb rezultate profesionale n\u00eb rehati t\u00eb sht\u00ebpis\u00eb.<\/p>\n","protected":false},"excerpt":{"rendered":"<p>Bellmona Stem Cell Ampoule rigjeneron dhe forcon l\u00ebkur\u00ebn me qeliza staminale bimore, duke ofruar hidratim intensiv, elasticitet dhe nj\u00eb shk\u00eblqim rinor.<\/p>\n","protected":false},"featured_media":19160,"comment_status":"open","ping_status":"closed","template":"","meta":{"_acf_changed":false},"product_cat":[253],"product_tag":[82,87,1026],"class_list":{"0":"post-19689","1":"product","2":"type-product","3":"status-publish","4":"has-post-thumbnail","6":"product_cat-ampule","7":"product_tag-me-rrudha","8":"product_tag-sensitive","9":"product_tag-bellmona","10":"pa_brands-merikit","12":"first","13":"instock","14":"shipping-taxable","15":"purchasable","16":"product-type-simple","swatches":"rey-swatches","show_selected":""},"acf":[],"_links":{"self":[{"href":"https:\/\/shop.allure.al\/en\/wp-json\/wp\/v2\/product\/19689","targetHints":{"allow":["GET"]}}],"collection":[{"href":"https:\/\/shop.allure.al\/en\/wp-json\/wp\/v2\/product"}],"about":[{"href":"https:\/\/shop.allure.al\/en\/wp-json\/wp\/v2\/types\/product"}],"replies":[{"embeddable":true,"href":"https:\/\/shop.allure.al\/en\/wp-json\/wp\/v2\/comments?post=19689"}],"version-history":[{"count":0,"href":"https:\/\/shop.allure.al\/en\/wp-json\/wp\/v2\/product\/19689\/revisions"}],"wp:featuredmedia":[{"embeddable":true,"href":"https:\/\/shop.allure.al\/en\/wp-json\/wp\/v2\/media\/19160"}],"wp:attachment":[{"href":"https:\/\/shop.allure.al\/en\/wp-json\/wp\/v2\/media?parent=19689"}],"wp:term":[{"taxonomy":"product_cat","embeddable":true,"href":"https:\/\/shop.allure.al\/en\/wp-json\/wp\/v2\/product_cat?post=19689"},{"taxonomy":"product_tag","embeddable":true,"href":"https:\/\/shop.allure.al\/en\/wp-json\/wp\/v2\/product_tag?post=19689"}],"curies":[{"name":"wp","href":"https:\/\/api.w.org\/{rel}","templated":true}]}}