{"id":19693,"date":"2026-02-17T17:49:32","date_gmt":"2026-02-17T16:49:32","guid":{"rendered":"https:\/\/shop.allure.al\/product\/stem-cell-homecare-set\/"},"modified":"2026-02-26T00:45:43","modified_gmt":"2026-02-25T23:45:43","slug":"stem-cell-homecare-set","status":"publish","type":"product","link":"https:\/\/shop.allure.al\/en\/product\/stem-cell-homecare-set\/","title":{"rendered":"Stem Cell Homecare Set"},"content":{"rendered":"<p>Ronas Stem Cell Homecare Set \u00ebsht\u00eb nj\u00eb koleksion i plot\u00eb i produkteve t\u00eb linj\u00ebs Stem Cell, i dizajnuar p\u00ebr kujdesin e plot\u00eb t\u00eb l\u00ebkur\u00ebs n\u00eb sht\u00ebpi. Ky set premium kombinon teknologjin\u00eb e avancuar t\u00eb qelizave staminale bimore me p\u00ebrb\u00ebr\u00ebs natyral\u00eb p\u00ebr t\u00eb rigjeneruar, hidratuar dhe forcuar l\u00ebkur\u00ebn. I p\u00ebrshtatsh\u00ebm p\u00ebr \u00e7do lloj l\u00ebkure, sidomos p\u00ebr l\u00ebkur\u00ebn e lodhur, t\u00eb zbeht\u00eb ose me shenja maturimi.<\/p>\n","protected":false},"excerpt":{"rendered":"<p>Set i plot\u00eb Stem Cell \u2013 rigjenerues, hidratues dhe anti-age p\u00ebr l\u00ebkur\u00ebn.<\/p>\n","protected":false},"featured_media":19162,"comment_status":"open","ping_status":"closed","template":"","meta":{"_acf_changed":false},"product_cat":[1420],"product_tag":[82,84,87,1108],"class_list":{"0":"post-19693","1":"product","2":"type-product","3":"status-publish","4":"has-post-thumbnail","6":"product_cat-sete","7":"product_tag-me-rrudha","8":"product_tag-normale","9":"product_tag-sensitive","10":"product_tag-ronas","11":"pa_brands-merikit","13":"first","14":"instock","15":"shipping-taxable","16":"purchasable","17":"product-type-simple","swatches":"rey-swatches","show_selected":""},"acf":[],"_links":{"self":[{"href":"https:\/\/shop.allure.al\/en\/wp-json\/wp\/v2\/product\/19693","targetHints":{"allow":["GET"]}}],"collection":[{"href":"https:\/\/shop.allure.al\/en\/wp-json\/wp\/v2\/product"}],"about":[{"href":"https:\/\/shop.allure.al\/en\/wp-json\/wp\/v2\/types\/product"}],"replies":[{"embeddable":true,"href":"https:\/\/shop.allure.al\/en\/wp-json\/wp\/v2\/comments?post=19693"}],"version-history":[{"count":2,"href":"https:\/\/shop.allure.al\/en\/wp-json\/wp\/v2\/product\/19693\/revisions"}],"predecessor-version":[{"id":19889,"href":"https:\/\/shop.allure.al\/en\/wp-json\/wp\/v2\/product\/19693\/revisions\/19889"}],"wp:featuredmedia":[{"embeddable":true,"href":"https:\/\/shop.allure.al\/en\/wp-json\/wp\/v2\/media\/19162"}],"wp:attachment":[{"href":"https:\/\/shop.allure.al\/en\/wp-json\/wp\/v2\/media?parent=19693"}],"wp:term":[{"taxonomy":"product_cat","embeddable":true,"href":"https:\/\/shop.allure.al\/en\/wp-json\/wp\/v2\/product_cat?post=19693"},{"taxonomy":"product_tag","embeddable":true,"href":"https:\/\/shop.allure.al\/en\/wp-json\/wp\/v2\/product_tag?post=19693"}],"curies":[{"name":"wp","href":"https:\/\/api.w.org\/{rel}","templated":true}]}}