{"id":19700,"date":"2026-02-17T17:49:40","date_gmt":"2026-02-17T16:49:40","guid":{"rendered":"https:\/\/shop.allure.al\/product\/super-aloevera-gel\/"},"modified":"2026-02-26T00:42:34","modified_gmt":"2026-02-25T23:42:34","slug":"super-aloevera-gel","status":"publish","type":"product","link":"https:\/\/shop.allure.al\/en\/product\/super-aloevera-gel\/","title":{"rendered":"Super AloeVera Gel"},"content":{"rendered":"<p>Bellmona Super AloeVera Gel p\u00ebrmban 80% aloe vera natyrale t\u00eb past\u00ebr dhe ofron qet\u00ebsim, hidratim dhe rigjenerim t\u00eb menj\u00ebhersh\u00ebm. I p\u00ebrshtatsh\u00ebm p\u00ebr l\u00ebkur\u00eb t\u00eb ndjeshme, pas djegies nga dielli ose pas trajtimeve estetike. Thithet shpejt pa l\u00ebn\u00eb mbetje ngjit\u00ebse.<\/p>\n","protected":false},"excerpt":{"rendered":"<p>Xhel qet\u00ebsues dhe hidratues me 80% Aloe Vera natyrale.<\/p>\n","protected":false},"featured_media":19129,"comment_status":"open","ping_status":"closed","template":"","meta":{"_acf_changed":false},"product_cat":[1419],"product_tag":[87,103,1026],"class_list":{"0":"post-19700","1":"product","2":"type-product","3":"status-publish","4":"has-post-thumbnail","6":"product_cat-xhel","7":"product_tag-sensitive","8":"product_tag-mikse","9":"product_tag-bellmona","10":"pa_brands-merikit","12":"first","13":"instock","14":"shipping-taxable","15":"purchasable","16":"product-type-simple","swatches":"rey-swatches","show_selected":""},"acf":[],"_links":{"self":[{"href":"https:\/\/shop.allure.al\/en\/wp-json\/wp\/v2\/product\/19700","targetHints":{"allow":["GET"]}}],"collection":[{"href":"https:\/\/shop.allure.al\/en\/wp-json\/wp\/v2\/product"}],"about":[{"href":"https:\/\/shop.allure.al\/en\/wp-json\/wp\/v2\/types\/product"}],"replies":[{"embeddable":true,"href":"https:\/\/shop.allure.al\/en\/wp-json\/wp\/v2\/comments?post=19700"}],"version-history":[{"count":3,"href":"https:\/\/shop.allure.al\/en\/wp-json\/wp\/v2\/product\/19700\/revisions"}],"predecessor-version":[{"id":19885,"href":"https:\/\/shop.allure.al\/en\/wp-json\/wp\/v2\/product\/19700\/revisions\/19885"}],"wp:featuredmedia":[{"embeddable":true,"href":"https:\/\/shop.allure.al\/en\/wp-json\/wp\/v2\/media\/19129"}],"wp:attachment":[{"href":"https:\/\/shop.allure.al\/en\/wp-json\/wp\/v2\/media?parent=19700"}],"wp:term":[{"taxonomy":"product_cat","embeddable":true,"href":"https:\/\/shop.allure.al\/en\/wp-json\/wp\/v2\/product_cat?post=19700"},{"taxonomy":"product_tag","embeddable":true,"href":"https:\/\/shop.allure.al\/en\/wp-json\/wp\/v2\/product_tag?post=19700"}],"curies":[{"name":"wp","href":"https:\/\/api.w.org\/{rel}","templated":true}]}}