{"id":19701,"date":"2026-02-17T17:49:41","date_gmt":"2026-02-17T16:49:41","guid":{"rendered":"https:\/\/shop.allure.al\/product\/super-aqua-mineral-skin\/"},"modified":"2026-02-26T00:43:20","modified_gmt":"2026-02-25T23:43:20","slug":"super-aqua-mineral-skin","status":"publish","type":"product","link":"https:\/\/shop.allure.al\/en\/product\/super-aqua-mineral-skin\/","title":{"rendered":"Super Aqua Mineral Toner"},"content":{"rendered":"<p>Tonik mineral super-hidratues Merikit, i formuluar posa\u00e7\u00ebrisht p\u00ebr l\u00ebkur\u00ebn shum\u00eb t\u00eb that\u00eb dhe t\u00eb plakur q\u00eb ka nevoj\u00eb p\u00ebr hidratim intensiv dhe afatgjat\u00eb. Kompleksi unik M3+ me ekstrakte k\u00ebrpudhore qet\u00ebson, ndri\u00e7on dhe hidratuese thell\u00eb, nd\u00ebrsa Sodium Hyaluronate riplotson lag\u00ebshtin\u00eb e humbur dhe ruan elasticitetin. Centella Asiatica forcon barrier\u00ebn natyrale t\u00eb l\u00ebkur\u00ebs dhe nxit riparimin e d\u00ebmtimeve. Pas aplikimit, l\u00ebkura ndjehet e fresk\u00ebt, e hidratuar dhe e qet\u00eb, gati p\u00ebr hapat e m\u00ebtejshme t\u00eb rutin\u00ebs.<\/p>\n","protected":false},"excerpt":{"rendered":"<p>Tonik mineral hidratues me M3+ dhe Centella Asiatica p\u00ebr l\u00ebkur\u00ebn shum\u00eb t\u00eb that\u00eb. Riploton lag\u00ebshtin\u00eb dhe forcon barrier\u00ebn e l\u00ebkur\u00ebs para serumit dhe kremit.<\/p>\n","protected":false},"featured_media":19155,"comment_status":"open","ping_status":"closed","template":"","meta":{"_acf_changed":false},"product_cat":[252],"product_tag":[80,1033],"class_list":{"0":"post-19701","1":"product","2":"type-product","3":"status-publish","4":"has-post-thumbnail","6":"product_cat-toner","7":"product_tag-e-thate","8":"product_tag-merikit","9":"pa_brands-merikit","11":"first","12":"instock","13":"shipping-taxable","14":"purchasable","15":"product-type-simple","swatches":"rey-swatches","show_selected":""},"acf":[],"_links":{"self":[{"href":"https:\/\/shop.allure.al\/en\/wp-json\/wp\/v2\/product\/19701","targetHints":{"allow":["GET"]}}],"collection":[{"href":"https:\/\/shop.allure.al\/en\/wp-json\/wp\/v2\/product"}],"about":[{"href":"https:\/\/shop.allure.al\/en\/wp-json\/wp\/v2\/types\/product"}],"replies":[{"embeddable":true,"href":"https:\/\/shop.allure.al\/en\/wp-json\/wp\/v2\/comments?post=19701"}],"version-history":[{"count":3,"href":"https:\/\/shop.allure.al\/en\/wp-json\/wp\/v2\/product\/19701\/revisions"}],"predecessor-version":[{"id":19857,"href":"https:\/\/shop.allure.al\/en\/wp-json\/wp\/v2\/product\/19701\/revisions\/19857"}],"wp:featuredmedia":[{"embeddable":true,"href":"https:\/\/shop.allure.al\/en\/wp-json\/wp\/v2\/media\/19155"}],"wp:attachment":[{"href":"https:\/\/shop.allure.al\/en\/wp-json\/wp\/v2\/media?parent=19701"}],"wp:term":[{"taxonomy":"product_cat","embeddable":true,"href":"https:\/\/shop.allure.al\/en\/wp-json\/wp\/v2\/product_cat?post=19701"},{"taxonomy":"product_tag","embeddable":true,"href":"https:\/\/shop.allure.al\/en\/wp-json\/wp\/v2\/product_tag?post=19701"}],"curies":[{"name":"wp","href":"https:\/\/api.w.org\/{rel}","templated":true}]}}