{"id":19702,"date":"2026-02-17T17:49:42","date_gmt":"2026-02-17T16:49:42","guid":{"rendered":"https:\/\/shop.allure.al\/product\/super-moisture-clenasnig\/"},"modified":"2026-02-26T00:43:19","modified_gmt":"2026-02-25T23:43:19","slug":"super-moisture-clenasnig","status":"publish","type":"product","link":"https:\/\/shop.allure.al\/en\/product\/super-moisture-clenasnig\/","title":{"rendered":"Super Moisture Cleansing"},"content":{"rendered":"<p>MERIKIT Super Moisture Cleansing \u00ebsht\u00eb nj\u00eb pastrues i but\u00eb por jasht\u00ebzakonisht efektiv, i krijuar p\u00ebr t\u00eb hequr make-up-in, papast\u00ebrtit\u00eb dhe gjurm\u00ebt e smogut urban, nd\u00ebrkoh\u00eb q\u00eb e mb\u00ebshtjell l\u00ebkur\u00ebn me hidratim t\u00eb thell\u00eb. Formula e tij e pasur me agjent\u00eb lag\u00ebshtues dhe p\u00ebrb\u00ebr\u00ebs natyral\u00eb pastrues rikthen but\u00ebsin\u00eb, qet\u00ebsin\u00eb dhe ndri\u00e7imin natyral t\u00eb l\u00ebkur\u00ebs q\u00eb nga p\u00ebrdorimi i par\u00eb.<\/p>\n<p>Ndryshe nga pastruesit tradicional\u00eb q\u00eb thajn\u00eb apo irritojn\u00eb, ky produkt punon si nj\u00eb ritual dy n\u00eb nj\u00eb: pastrim dhe kujdes i barrier\u00ebs mbrojt\u00ebse. Tekstura e tij kremoze shkrin make-up-in edhe m\u00eb rezistent, pa l\u00ebn\u00eb mbetje apo ndjesi r\u00ebndese. N\u00eb t\u00eb nj\u00ebjt\u00ebn koh\u00eb, fal\u00eb kompleksit t\u00eb tij hidratues, l\u00ebkura rigjenerohet dhe q\u00ebndron e fresk\u00ebt, e but\u00eb dhe e ushqyer.<\/p>\n<p>I p\u00ebrshtatsh\u00ebm jo vet\u00ebm p\u00ebr fytyr\u00ebn, por edhe p\u00ebr trupin, Super Moisture Cleansing ndihmon n\u00eb largimin gradual t\u00eb papast\u00ebrtive, duke ofruar nj\u00eb eksfolim t\u00eb but\u00eb natyror dhe duke p\u00ebrmir\u00ebsuar tekstur\u00ebn e l\u00ebkur\u00ebs. Rezultati \u00ebsht\u00eb nj\u00eb l\u00ebkur\u00eb e past\u00ebr, e ndritshme, e balancuar dhe duksh\u00ebm m\u00eb e sh\u00ebndetshme.<\/p>\n","protected":false},"excerpt":{"rendered":"<p>MERIKIT Super Moisture Cleansing \u2013 nj\u00eb pastrues hidratues dy n\u00eb nj\u00eb, q\u00eb eliminon make-up-in dhe papast\u00ebrtit\u00eb pa thar\u00eb l\u00ebkur\u00ebn, duke e l\u00ebn\u00eb at\u00eb t\u00eb fresk\u00ebt, t\u00eb but\u00eb dhe t\u00eb ushqyer. I p\u00ebrshtatsh\u00ebm p\u00ebr fytyr\u00ebn dhe trupin, ofron pastrim gradual dhe nj\u00eb eksfolim t\u00eb leht\u00eb natyral.<\/p>\n","protected":false},"featured_media":19156,"comment_status":"open","ping_status":"closed","template":"","meta":{"_acf_changed":false},"product_cat":[250],"product_tag":[1033,80],"class_list":{"0":"post-19702","1":"product","2":"type-product","3":"status-publish","4":"has-post-thumbnail","6":"product_cat-lares","7":"product_tag-merikit","8":"product_tag-e-thate","9":"pa_brands-merikit","11":"first","12":"instock","13":"shipping-taxable","14":"purchasable","15":"product-type-simple","swatches":"rey-swatches","show_selected":""},"acf":[],"_links":{"self":[{"href":"https:\/\/shop.allure.al\/en\/wp-json\/wp\/v2\/product\/19702","targetHints":{"allow":["GET"]}}],"collection":[{"href":"https:\/\/shop.allure.al\/en\/wp-json\/wp\/v2\/product"}],"about":[{"href":"https:\/\/shop.allure.al\/en\/wp-json\/wp\/v2\/types\/product"}],"replies":[{"embeddable":true,"href":"https:\/\/shop.allure.al\/en\/wp-json\/wp\/v2\/comments?post=19702"}],"version-history":[{"count":2,"href":"https:\/\/shop.allure.al\/en\/wp-json\/wp\/v2\/product\/19702\/revisions"}],"predecessor-version":[{"id":19811,"href":"https:\/\/shop.allure.al\/en\/wp-json\/wp\/v2\/product\/19702\/revisions\/19811"}],"wp:featuredmedia":[{"embeddable":true,"href":"https:\/\/shop.allure.al\/en\/wp-json\/wp\/v2\/media\/19156"}],"wp:attachment":[{"href":"https:\/\/shop.allure.al\/en\/wp-json\/wp\/v2\/media?parent=19702"}],"wp:term":[{"taxonomy":"product_cat","embeddable":true,"href":"https:\/\/shop.allure.al\/en\/wp-json\/wp\/v2\/product_cat?post=19702"},{"taxonomy":"product_tag","embeddable":true,"href":"https:\/\/shop.allure.al\/en\/wp-json\/wp\/v2\/product_tag?post=19702"}],"curies":[{"name":"wp","href":"https:\/\/api.w.org\/{rel}","templated":true}]}}