{"id":19703,"date":"2026-02-17T17:49:43","date_gmt":"2026-02-17T16:49:43","guid":{"rendered":"https:\/\/shop.allure.al\/product\/super-moisturizing-cream\/"},"modified":"2026-02-26T00:42:33","modified_gmt":"2026-02-25T23:42:33","slug":"super-moisturizing-cream","status":"publish","type":"product","link":"https:\/\/shop.allure.al\/en\/product\/super-moisturizing-cream\/","title":{"rendered":"Super Moisturizing Cream"},"content":{"rendered":"<p>Krem ultra-hidratues Merikit i formuluar me kompleks t\u00eb pasur ingredient\u00ebsh p\u00ebr l\u00ebkur\u00ebn shum\u00eb t\u00eb that\u00eb dhe t\u00eb plakur. Kompleksi M3+ me ekstrakte k\u00ebrpudhore, Centella Asiatica dhe Sodium Hyaluronate ofrojn\u00eb hidratim t\u00eb thell\u00eb dhe afatgjat\u00eb, duke forcuar barrier\u00ebn natyrale dhe duke rivendosur elasticitetin e humbur t\u00eb l\u00ebkur\u00ebs. Tekstura kremoze dhe e pasur p\u00ebrthithet me leht\u00ebsi, duke l\u00ebn\u00eb l\u00ebkur\u00ebn t\u00eb but\u00eb, t\u00eb ushqyer dhe t\u00eb mbrojtur gjat\u00eb gjith\u00eb dit\u00ebs. Ideale si hap i fundit i rutin\u00ebs m\u00ebngjes dhe mbr\u00ebmje.<\/p>\n","protected":false},"excerpt":{"rendered":"<p>Krem hidratues i pasur me M3+ dhe Centella Asiatica. Ofron hidratim afatgjat\u00eb dhe forcon barrier\u00ebn e l\u00ebkur\u00ebs shum\u00eb t\u00eb that\u00eb dhe t\u00eb plakur.<\/p>\n","protected":false},"featured_media":19121,"comment_status":"open","ping_status":"closed","template":"","meta":{"_acf_changed":false},"product_cat":[1418],"product_tag":[80,1033],"class_list":{"0":"post-19703","1":"product","2":"type-product","3":"status-publish","4":"has-post-thumbnail","6":"product_cat-krem","7":"product_tag-e-thate","8":"product_tag-merikit","9":"pa_brands-merikit","11":"first","12":"instock","13":"shipping-taxable","14":"purchasable","15":"product-type-simple","swatches":"rey-swatches","show_selected":""},"acf":[],"_links":{"self":[{"href":"https:\/\/shop.allure.al\/en\/wp-json\/wp\/v2\/product\/19703","targetHints":{"allow":["GET"]}}],"collection":[{"href":"https:\/\/shop.allure.al\/en\/wp-json\/wp\/v2\/product"}],"about":[{"href":"https:\/\/shop.allure.al\/en\/wp-json\/wp\/v2\/types\/product"}],"replies":[{"embeddable":true,"href":"https:\/\/shop.allure.al\/en\/wp-json\/wp\/v2\/comments?post=19703"}],"version-history":[{"count":2,"href":"https:\/\/shop.allure.al\/en\/wp-json\/wp\/v2\/product\/19703\/revisions"}],"predecessor-version":[{"id":19813,"href":"https:\/\/shop.allure.al\/en\/wp-json\/wp\/v2\/product\/19703\/revisions\/19813"}],"wp:featuredmedia":[{"embeddable":true,"href":"https:\/\/shop.allure.al\/en\/wp-json\/wp\/v2\/media\/19121"}],"wp:attachment":[{"href":"https:\/\/shop.allure.al\/en\/wp-json\/wp\/v2\/media?parent=19703"}],"wp:term":[{"taxonomy":"product_cat","embeddable":true,"href":"https:\/\/shop.allure.al\/en\/wp-json\/wp\/v2\/product_cat?post=19703"},{"taxonomy":"product_tag","embeddable":true,"href":"https:\/\/shop.allure.al\/en\/wp-json\/wp\/v2\/product_tag?post=19703"}],"curies":[{"name":"wp","href":"https:\/\/api.w.org\/{rel}","templated":true}]}}