{"id":19704,"date":"2026-02-17T17:49:46","date_gmt":"2026-02-17T16:49:46","guid":{"rendered":"https:\/\/shop.allure.al\/?post_type=product&#038;p=19704"},"modified":"2026-02-26T00:42:32","modified_gmt":"2026-02-25T23:42:32","slug":"whitening-cover-balm","status":"publish","type":"product","link":"https:\/\/shop.allure.al\/en\/product\/whitening-cover-balm\/","title":{"rendered":"Whitening Cover Balm"},"content":{"rendered":"<p>Bellmona Whitening Cover Balm \u00ebsht\u00eb nj\u00eb formul\u00eb e avancuar multifunksionale q\u00eb bashkon kujdesin e l\u00ebkur\u00ebs me estetik\u00ebn, duke ofruar hidratim t\u00eb thell\u00eb, mbrojtje dhe nj\u00eb p\u00ebrfundim natyral e t\u00eb ndritsh\u00ebm. Ky balm i pasur \u00ebsht\u00eb i formuluar me Niacinamide dhe Arbutin, t\u00eb njohur p\u00ebr efektet e tyre zbardhuese dhe uniformizuese, duke ndihmuar n\u00eb reduktimin e njollave dhe pigmentimit. P\u00ebrb\u00ebr\u00ebsit si Adenosine kontribuojn\u00eb n\u00eb zvog\u00eblimin e rrudhave dhe mb\u00ebshtesin rigjenerimin qelizor, nd\u00ebrsa ekstraktet bimore si Purslane dhe Poncirus Trifoliata qet\u00ebsojn\u00eb dhe mbrojn\u00eb l\u00ebkur\u00ebn nga irritimet. Formula \u00ebsht\u00eb e pasuruar gjithashtu me Zinc Oxide dhe Titanium Dioxide, q\u00eb ofrojn\u00eb mbrojtje t\u00eb sigurt\u00eb UVA\/UVB me SPF 35\/PA++, duke parandaluar plakjen e parakohshme dhe d\u00ebmet nga dielli. Tekstura e saj kremoze siguron mbulim t\u00eb leht\u00eb deri mesatar, duke fshehur pap\u00ebrsosm\u00ebrit\u00eb dhe duke dh\u00ebn\u00eb nj\u00eb pamje t\u00eb fresk\u00ebt, t\u00eb sh\u00ebndetshme dhe me shk\u00eblqim natyral gjat\u00eb gjith\u00eb dit\u00ebs. Ideale si p\u00ebr p\u00ebrdorim profesional, ashtu edhe p\u00ebr p\u00ebrdorim t\u00eb p\u00ebrditsh\u00ebm.<\/p>\n","protected":false},"excerpt":{"rendered":"<p>Bellmona Whitening Cover Balm \u00ebsht\u00eb nj\u00eb balm multifunksional me efekt zbardhues, anti-age dhe mbrojtje SPF 35\/PA++. Me Niacinamide, Arbutin dhe Adenosine, ai uniformizon tonin, redukton rrudhat dhe mbron l\u00ebkur\u00ebn, duke dh\u00ebn\u00eb nj\u00eb p\u00ebrfundim natyral dhe t\u00eb ndritsh\u00ebm.<\/p>\n","protected":false},"featured_media":18436,"comment_status":"open","ping_status":"closed","template":"","meta":{"_acf_changed":false},"product_cat":[1418],"product_tag":[84,1026],"class_list":{"0":"post-19704","1":"product","2":"type-product","3":"status-publish","4":"has-post-thumbnail","6":"product_cat-krem","7":"product_tag-normale","8":"product_tag-bellmona","9":"pa_brands-bellmona","11":"first","12":"instock","13":"shipping-taxable","14":"purchasable","15":"product-type-simple","swatches":"rey-swatches","show_selected":""},"acf":[],"_links":{"self":[{"href":"https:\/\/shop.allure.al\/en\/wp-json\/wp\/v2\/product\/19704","targetHints":{"allow":["GET"]}}],"collection":[{"href":"https:\/\/shop.allure.al\/en\/wp-json\/wp\/v2\/product"}],"about":[{"href":"https:\/\/shop.allure.al\/en\/wp-json\/wp\/v2\/types\/product"}],"replies":[{"embeddable":true,"href":"https:\/\/shop.allure.al\/en\/wp-json\/wp\/v2\/comments?post=19704"}],"version-history":[{"count":1,"href":"https:\/\/shop.allure.al\/en\/wp-json\/wp\/v2\/product\/19704\/revisions"}],"predecessor-version":[{"id":19721,"href":"https:\/\/shop.allure.al\/en\/wp-json\/wp\/v2\/product\/19704\/revisions\/19721"}],"wp:featuredmedia":[{"embeddable":true,"href":"https:\/\/shop.allure.al\/en\/wp-json\/wp\/v2\/media\/18436"}],"wp:attachment":[{"href":"https:\/\/shop.allure.al\/en\/wp-json\/wp\/v2\/media?parent=19704"}],"wp:term":[{"taxonomy":"product_cat","embeddable":true,"href":"https:\/\/shop.allure.al\/en\/wp-json\/wp\/v2\/product_cat?post=19704"},{"taxonomy":"product_tag","embeddable":true,"href":"https:\/\/shop.allure.al\/en\/wp-json\/wp\/v2\/product_tag?post=19704"}],"curies":[{"name":"wp","href":"https:\/\/api.w.org\/{rel}","templated":true}]}}