{"id":19705,"date":"2026-02-17T17:49:46","date_gmt":"2026-02-17T16:49:46","guid":{"rendered":"https:\/\/shop.allure.al\/product\/super-moisturizing-massage-cream\/"},"modified":"2026-02-26T00:42:31","modified_gmt":"2026-02-25T23:42:31","slug":"super-moisturizing-massage-cream","status":"publish","type":"product","link":"https:\/\/shop.allure.al\/en\/product\/super-moisturizing-massage-cream\/","title":{"rendered":"Super Moisture Massage Cream"},"content":{"rendered":"<p>Merikit Super Moisture Massage Cream \u00ebsht\u00eb nj\u00eb krem masazhi i pasur dhe i q\u00ebndruesh\u00ebm, i krijuar p\u00ebr t\u00eb ofruar nj\u00eb p\u00ebrvoj\u00eb luksoze t\u00eb kujdesit t\u00eb l\u00ebkur\u00ebs duke kombinuar hidratimin intensiv me efektet relaksuese t\u00eb masazhit. Formula e tij e avancuar ndihmon n\u00eb stimulimin e qarkullimit t\u00eb gjakut, p\u00ebrmir\u00ebsimin e elasticitetit dhe rigjenerimin e l\u00ebkur\u00ebs, duke i dh\u00ebn\u00eb asaj nj\u00eb pamje t\u00eb sh\u00ebndetshme dhe t\u00eb ndritshme. Tekstura kremoze dhe e but\u00eb rr\u00ebshqet n\u00eb m\u00ebnyr\u00eb t\u00eb p\u00ebrsosur mbi l\u00ebkur\u00eb, duke ofruar nj\u00eb ndjesi qet\u00ebsuese dhe ushqyese.<br \/>\nI pasuruar me p\u00ebrb\u00ebr\u00ebs aktiv\u00eb q\u00eb ndihmojn\u00eb n\u00eb mbajtjen e ekuilibrit t\u00eb lag\u00ebshtis\u00eb, ky krem punon p\u00ebr t\u00eb reduktuar ndjesin\u00eb e that\u00ebsis\u00eb, skuqjes apo lodhjes s\u00eb l\u00ebkur\u00ebs. Pas p\u00ebrdorimit, l\u00ebkura ndjehet m\u00eb e but\u00eb, e l\u00ebmuar dhe vizualisht m\u00eb e rinuar. Ideale si p\u00ebr p\u00ebrdorim profesional n\u00eb spa, ashtu edhe p\u00ebr rituale personale t\u00eb kujdesit n\u00eb sht\u00ebpi.<\/p>\n","protected":false},"excerpt":{"rendered":"<p>Nj\u00eb krem masazhi i pasur dhe i q\u00ebndruesh\u00ebm, i formuluar p\u00ebr t\u00eb hidratuar, rigjall\u00ebruar dhe p\u00ebrmir\u00ebsuar elasticitetin e l\u00ebkur\u00ebs, duke i dh\u00ebn\u00eb asaj but\u00ebsi dhe shk\u00eblqim natyral.<\/p>\n","protected":false},"featured_media":19157,"comment_status":"open","ping_status":"closed","template":"","meta":{"_acf_changed":false},"product_cat":[1418],"product_tag":[80,1033],"class_list":{"0":"post-19705","1":"product","2":"type-product","3":"status-publish","4":"has-post-thumbnail","6":"product_cat-krem","7":"product_tag-e-thate","8":"product_tag-merikit","9":"pa_brands-merikit","11":"first","12":"instock","13":"shipping-taxable","14":"purchasable","15":"product-type-simple","swatches":"rey-swatches","show_selected":""},"acf":[],"_links":{"self":[{"href":"https:\/\/shop.allure.al\/en\/wp-json\/wp\/v2\/product\/19705","targetHints":{"allow":["GET"]}}],"collection":[{"href":"https:\/\/shop.allure.al\/en\/wp-json\/wp\/v2\/product"}],"about":[{"href":"https:\/\/shop.allure.al\/en\/wp-json\/wp\/v2\/types\/product"}],"replies":[{"embeddable":true,"href":"https:\/\/shop.allure.al\/en\/wp-json\/wp\/v2\/comments?post=19705"}],"version-history":[{"count":2,"href":"https:\/\/shop.allure.al\/en\/wp-json\/wp\/v2\/product\/19705\/revisions"}],"predecessor-version":[{"id":19866,"href":"https:\/\/shop.allure.al\/en\/wp-json\/wp\/v2\/product\/19705\/revisions\/19866"}],"wp:featuredmedia":[{"embeddable":true,"href":"https:\/\/shop.allure.al\/en\/wp-json\/wp\/v2\/media\/19157"}],"wp:attachment":[{"href":"https:\/\/shop.allure.al\/en\/wp-json\/wp\/v2\/media?parent=19705"}],"wp:term":[{"taxonomy":"product_cat","embeddable":true,"href":"https:\/\/shop.allure.al\/en\/wp-json\/wp\/v2\/product_cat?post=19705"},{"taxonomy":"product_tag","embeddable":true,"href":"https:\/\/shop.allure.al\/en\/wp-json\/wp\/v2\/product_tag?post=19705"}],"curies":[{"name":"wp","href":"https:\/\/api.w.org\/{rel}","templated":true}]}}