{"id":19706,"date":"2026-02-17T17:49:47","date_gmt":"2026-02-17T16:49:47","guid":{"rendered":"https:\/\/shop.allure.al\/product\/super-moisturizing-serum\/"},"modified":"2026-02-26T00:43:18","modified_gmt":"2026-02-25T23:43:18","slug":"super-moisturizing-serum","status":"publish","type":"product","link":"https:\/\/shop.allure.al\/en\/product\/super-moisturizing-serum\/","title":{"rendered":"Super Moisturizing Serum"},"content":{"rendered":"<p>Serum ultra-hidratues Merikit me tekstur\u00eb t\u00eb leht\u00eb dhe thithje t\u00eb shpejt\u00eb, i formuluar posa\u00e7\u00ebrisht p\u00ebr l\u00ebkur\u00ebn shum\u00eb t\u00eb that\u00eb dhe t\u00eb plakur. Kompleksi M3+ me ekstrakte k\u00ebrpudhore qet\u00ebson dhe mbron, nd\u00ebrsa Sodium Hyaluronate furnizee l\u00ebkur\u00ebn me lag\u00ebshti intensive dhe t\u00eb vazhdueshme, duke reduktuar tharjen dhe shfaqjen e vijave t\u00eb holla. Centella Asiatica riparohet dhe forcon barrier\u00ebn mbrojt\u00ebse t\u00eb l\u00ebkur\u00ebs, duke parandaluar humbjen e m\u00ebtejshme t\u00eb lag\u00ebshtis\u00eb. L\u00ebkura mbetet e but\u00eb, elastike dhe me shk\u00eblqim natyral t\u00eb sh\u00ebndetsh\u00ebm.<\/p>\n","protected":false},"excerpt":{"rendered":"<p>Serum ultra-hidratues me M3+, Sodium Hyaluronate dhe Centella Asiatica. Ofron hidratim intensiv dhe afatgjat\u00eb p\u00ebr l\u00ebkur\u00ebn shum\u00eb t\u00eb that\u00eb dhe t\u00eb plakur.<\/p>\n","protected":false},"featured_media":19122,"comment_status":"open","ping_status":"closed","template":"","meta":{"_acf_changed":false},"product_cat":[254],"product_tag":[80,1033],"class_list":{"0":"post-19706","1":"product","2":"type-product","3":"status-publish","4":"has-post-thumbnail","6":"product_cat-serum","7":"product_tag-e-thate","8":"product_tag-merikit","9":"pa_brands-merikit","11":"first","12":"instock","13":"shipping-taxable","14":"purchasable","15":"product-type-simple","swatches":"rey-swatches","show_selected":""},"acf":[],"_links":{"self":[{"href":"https:\/\/shop.allure.al\/en\/wp-json\/wp\/v2\/product\/19706","targetHints":{"allow":["GET"]}}],"collection":[{"href":"https:\/\/shop.allure.al\/en\/wp-json\/wp\/v2\/product"}],"about":[{"href":"https:\/\/shop.allure.al\/en\/wp-json\/wp\/v2\/types\/product"}],"replies":[{"embeddable":true,"href":"https:\/\/shop.allure.al\/en\/wp-json\/wp\/v2\/comments?post=19706"}],"version-history":[{"count":3,"href":"https:\/\/shop.allure.al\/en\/wp-json\/wp\/v2\/product\/19706\/revisions"}],"predecessor-version":[{"id":19812,"href":"https:\/\/shop.allure.al\/en\/wp-json\/wp\/v2\/product\/19706\/revisions\/19812"}],"wp:featuredmedia":[{"embeddable":true,"href":"https:\/\/shop.allure.al\/en\/wp-json\/wp\/v2\/media\/19122"}],"wp:attachment":[{"href":"https:\/\/shop.allure.al\/en\/wp-json\/wp\/v2\/media?parent=19706"}],"wp:term":[{"taxonomy":"product_cat","embeddable":true,"href":"https:\/\/shop.allure.al\/en\/wp-json\/wp\/v2\/product_cat?post=19706"},{"taxonomy":"product_tag","embeddable":true,"href":"https:\/\/shop.allure.al\/en\/wp-json\/wp\/v2\/product_tag?post=19706"}],"curies":[{"name":"wp","href":"https:\/\/api.w.org\/{rel}","templated":true}]}}