{"id":19707,"date":"2026-02-17T17:49:48","date_gmt":"2026-02-17T16:49:48","guid":{"rendered":"https:\/\/shop.allure.al\/product\/super-x-lotion\/"},"modified":"2026-02-26T00:42:30","modified_gmt":"2026-02-25T23:42:30","slug":"super-x-lotion","status":"publish","type":"product","link":"https:\/\/shop.allure.al\/en\/product\/super-x-lotion\/","title":{"rendered":"Super X Lotion"},"content":{"rendered":"<p>Locion eksfoljues profesional Merikit me ekstrakt Saponaria Officinalis \u2014 bim\u00eb natyrale me veti t\u00eb fuqishme pastruese dhe qet\u00ebsuese \u2014 i ideuar p\u00ebr pastrimin e thell\u00eb t\u00eb poreve dhe kontrollin e sebumit t\u00eb tep\u00ebrt. Teknika e aplikimit me pambuk t\u00eb ngopur n\u00eb zon\u00ebn T dhe l\u00ebkur\u00ebn yndyrore hap poret dhe nxjerr papast\u00ebrtit\u00eb e grumbulluara. Pas 15\u201320 minutash, seumi i tep\u00ebrt b\u00ebhet i duksh\u00ebm dhe hiqet leht\u00eb me pambuk. Ideal si trajtim profesional kund\u00ebr poreve t\u00eb zgjeruara, l\u00ebkur\u00ebs me shk\u00eblqim t\u00eb tepruar dhe sebumit t\u00eb \u00e7ekuilibruar.<\/p>\n","protected":false},"excerpt":{"rendered":"<p>Locion eksfoljues profesional me Saponaria Officinalis p\u00ebr pastrim t\u00eb thell\u00eb t\u00eb poreve. Kontrollon sebumin e tep\u00ebrt dhe redukton poren e zgjeruara tek l\u00ebkura yndyrore.<\/p>\n","protected":false},"featured_media":19123,"comment_status":"open","ping_status":"closed","template":"","meta":{"_acf_changed":false},"product_cat":[1418],"product_tag":[94,1033],"class_list":{"0":"post-19707","1":"product","2":"type-product","3":"status-publish","4":"has-post-thumbnail","6":"product_cat-krem","7":"product_tag-e-yndyrshme","8":"product_tag-merikit","9":"pa_brands-merikit","11":"first","12":"instock","13":"shipping-taxable","14":"purchasable","15":"product-type-simple","swatches":"rey-swatches","show_selected":""},"acf":[],"_links":{"self":[{"href":"https:\/\/shop.allure.al\/en\/wp-json\/wp\/v2\/product\/19707","targetHints":{"allow":["GET"]}}],"collection":[{"href":"https:\/\/shop.allure.al\/en\/wp-json\/wp\/v2\/product"}],"about":[{"href":"https:\/\/shop.allure.al\/en\/wp-json\/wp\/v2\/types\/product"}],"replies":[{"embeddable":true,"href":"https:\/\/shop.allure.al\/en\/wp-json\/wp\/v2\/comments?post=19707"}],"version-history":[{"count":2,"href":"https:\/\/shop.allure.al\/en\/wp-json\/wp\/v2\/product\/19707\/revisions"}],"predecessor-version":[{"id":19835,"href":"https:\/\/shop.allure.al\/en\/wp-json\/wp\/v2\/product\/19707\/revisions\/19835"}],"wp:featuredmedia":[{"embeddable":true,"href":"https:\/\/shop.allure.al\/en\/wp-json\/wp\/v2\/media\/19123"}],"wp:attachment":[{"href":"https:\/\/shop.allure.al\/en\/wp-json\/wp\/v2\/media?parent=19707"}],"wp:term":[{"taxonomy":"product_cat","embeddable":true,"href":"https:\/\/shop.allure.al\/en\/wp-json\/wp\/v2\/product_cat?post=19707"},{"taxonomy":"product_tag","embeddable":true,"href":"https:\/\/shop.allure.al\/en\/wp-json\/wp\/v2\/product_tag?post=19707"}],"curies":[{"name":"wp","href":"https:\/\/api.w.org\/{rel}","templated":true}]}}