{"id":19708,"date":"2026-02-17T17:49:49","date_gmt":"2026-02-17T16:49:49","guid":{"rendered":"https:\/\/shop.allure.al\/product\/timeless-green-filler\/"},"modified":"2026-02-26T00:43:17","modified_gmt":"2026-02-25T23:43:17","slug":"timeless-green-filler","status":"publish","type":"product","link":"https:\/\/shop.allure.al\/en\/product\/timeless-green-filler\/","title":{"rendered":"Timeless Green Filler"},"content":{"rendered":"<p>Ronas Timeless Green Filler \u00ebsht\u00eb nj\u00eb serum intensiv qet\u00ebsues i formuluar me ekstrakte bimore dhe peptide p\u00ebr t\u00eb mbushur vijat e holla, qet\u00ebsuar skuqjen dhe forcuar barrier\u00ebn mbrojt\u00ebse. Formula &#8220;green&#8221; kombinon Centella Asiatica, ekstrakte anti-inflamatore dhe peptide biomimetike p\u00ebr l\u00ebkur\u00eb t\u00eb sh\u00ebndetshme, t\u00eb but\u00eb dhe pa rrudha.<\/p>\n","protected":false},"excerpt":{"rendered":"<p>Serum qet\u00ebsues Timeless Green \u2013 mbush vijat e holla, qet\u00ebson skuqjen dhe forcon barrier\u00ebn.<\/p>\n","protected":false},"featured_media":19164,"comment_status":"open","ping_status":"closed","template":"","meta":{"_acf_changed":false},"product_cat":[254],"product_tag":[82,103,1108],"class_list":{"0":"post-19708","1":"product","2":"type-product","3":"status-publish","4":"has-post-thumbnail","6":"product_cat-serum","7":"product_tag-me-rrudha","8":"product_tag-mikse","9":"product_tag-ronas","10":"pa_brands-merikit","12":"first","13":"instock","14":"shipping-taxable","15":"purchasable","16":"product-type-simple","swatches":"rey-swatches","show_selected":""},"acf":[],"_links":{"self":[{"href":"https:\/\/shop.allure.al\/en\/wp-json\/wp\/v2\/product\/19708","targetHints":{"allow":["GET"]}}],"collection":[{"href":"https:\/\/shop.allure.al\/en\/wp-json\/wp\/v2\/product"}],"about":[{"href":"https:\/\/shop.allure.al\/en\/wp-json\/wp\/v2\/types\/product"}],"replies":[{"embeddable":true,"href":"https:\/\/shop.allure.al\/en\/wp-json\/wp\/v2\/comments?post=19708"}],"version-history":[{"count":2,"href":"https:\/\/shop.allure.al\/en\/wp-json\/wp\/v2\/product\/19708\/revisions"}],"predecessor-version":[{"id":19891,"href":"https:\/\/shop.allure.al\/en\/wp-json\/wp\/v2\/product\/19708\/revisions\/19891"}],"wp:featuredmedia":[{"embeddable":true,"href":"https:\/\/shop.allure.al\/en\/wp-json\/wp\/v2\/media\/19164"}],"wp:attachment":[{"href":"https:\/\/shop.allure.al\/en\/wp-json\/wp\/v2\/media?parent=19708"}],"wp:term":[{"taxonomy":"product_cat","embeddable":true,"href":"https:\/\/shop.allure.al\/en\/wp-json\/wp\/v2\/product_cat?post=19708"},{"taxonomy":"product_tag","embeddable":true,"href":"https:\/\/shop.allure.al\/en\/wp-json\/wp\/v2\/product_tag?post=19708"}],"curies":[{"name":"wp","href":"https:\/\/api.w.org\/{rel}","templated":true}]}}