{"id":19712,"date":"2026-02-17T17:49:52","date_gmt":"2026-02-17T16:49:52","guid":{"rendered":"https:\/\/shop.allure.al\/product\/v7-massage-cream\/"},"modified":"2026-02-26T00:42:28","modified_gmt":"2026-02-25T23:42:28","slug":"v7-massage-cream","status":"publish","type":"product","link":"https:\/\/shop.allure.al\/en\/product\/v7-massage-cream\/","title":{"rendered":"V7 Massage Cream"},"content":{"rendered":"<p>Krem masazhi VTA-7 Merikit me kompleks 7 vitaminash (A, B3, B5, C, E, F, H) p\u00ebr efekte ndri\u00e7uese, hidratuese dhe anti-plakje gjat\u00eb procedurave profesionale. Formula e pasur me vitamina aktive nxit qarkullimin e gjakut, rigjall\u00ebrron l\u00ebkur\u00ebn e shurdh\u00ebt dhe unifikon tonin, nd\u00ebrsa vitaminat antioksidante (C, E) mbrojn\u00eb nga rrezet UV dhe d\u00ebmtimet e radikaleve t\u00eb lira. Vitamina A nxit rigjenerimin qelizor dhe Niacinamide (B3) frenon pigmentacionin. Ideal p\u00ebr masazh facial dhe trupor profesional.<\/p>\n","protected":false},"excerpt":{"rendered":"<p>Krem masazhi profesional VTA-7 me 7 vitamina aktive. Ndri\u00e7on, hidraton dhe ushqen l\u00ebkur\u00ebn me efekte anti-plakje gjat\u00eb trajtimeve.<\/p>\n","protected":false},"featured_media":19158,"comment_status":"open","ping_status":"closed","template":"","meta":{"_acf_changed":false},"product_cat":[1418],"product_tag":[82,1033],"class_list":{"0":"post-19712","1":"product","2":"type-product","3":"status-publish","4":"has-post-thumbnail","6":"product_cat-krem","7":"product_tag-me-rrudha","8":"product_tag-merikit","9":"pa_brands-merikit","11":"first","12":"instock","13":"shipping-taxable","14":"purchasable","15":"product-type-simple","swatches":"rey-swatches","show_selected":""},"acf":[],"_links":{"self":[{"href":"https:\/\/shop.allure.al\/en\/wp-json\/wp\/v2\/product\/19712","targetHints":{"allow":["GET"]}}],"collection":[{"href":"https:\/\/shop.allure.al\/en\/wp-json\/wp\/v2\/product"}],"about":[{"href":"https:\/\/shop.allure.al\/en\/wp-json\/wp\/v2\/types\/product"}],"replies":[{"embeddable":true,"href":"https:\/\/shop.allure.al\/en\/wp-json\/wp\/v2\/comments?post=19712"}],"version-history":[{"count":2,"href":"https:\/\/shop.allure.al\/en\/wp-json\/wp\/v2\/product\/19712\/revisions"}],"predecessor-version":[{"id":19822,"href":"https:\/\/shop.allure.al\/en\/wp-json\/wp\/v2\/product\/19712\/revisions\/19822"}],"wp:featuredmedia":[{"embeddable":true,"href":"https:\/\/shop.allure.al\/en\/wp-json\/wp\/v2\/media\/19158"}],"wp:attachment":[{"href":"https:\/\/shop.allure.al\/en\/wp-json\/wp\/v2\/media?parent=19712"}],"wp:term":[{"taxonomy":"product_cat","embeddable":true,"href":"https:\/\/shop.allure.al\/en\/wp-json\/wp\/v2\/product_cat?post=19712"},{"taxonomy":"product_tag","embeddable":true,"href":"https:\/\/shop.allure.al\/en\/wp-json\/wp\/v2\/product_tag?post=19712"}],"curies":[{"name":"wp","href":"https:\/\/api.w.org\/{rel}","templated":true}]}}