{"id":19713,"date":"2026-02-17T17:49:54","date_gmt":"2026-02-17T16:49:54","guid":{"rendered":"https:\/\/shop.allure.al\/product\/vita-c-13-kit\/"},"modified":"2026-02-26T00:45:43","modified_gmt":"2026-02-25T23:45:43","slug":"vita-c-13-kit","status":"publish","type":"product","link":"https:\/\/shop.allure.al\/en\/product\/vita-c-13-kit\/","title":{"rendered":"Vita C13 Kit"},"content":{"rendered":"<p>Merikit Vita-C13 Kit \u00ebsht\u00eb terapi komplekse q\u00eb rikthen drit\u00ebn, barazin\u00eb dhe past\u00ebrtin\u00eb e l\u00ebkur\u00ebs n\u00eb nj\u00eb rutin\u00eb disa-hap\u00ebshe, duke p\u00ebrdorur fuqin\u00eb e Vitamin\u00ebs C 13% t\u00eb past\u00ebr s\u00eb bashku me p\u00ebrb\u00ebr\u00ebs t\u00eb zgjedhur p\u00ebr t\u00eb qet\u00ebsuar, rigjeneruar dhe hyridratuar thell\u00eb. \u00c7do hap \u2013 nga Ampoule te Maska, te Kremi, dhe Tone-Up Powder Cream \u2013 \u00ebsht\u00eb konceptuar p\u00ebr t\u00eb punuar s\u00eb bashku: ampola jep vitamin\u00eb C t\u00eb fuqishme p\u00ebr zbardhje dhe neutralizim t\u00eb radikaleve t\u00eb lira; maska i jep l\u00ebkur\u00ebs trajtimin intensiv; krema siguron ushqim dhe mbyllje t\u00eb lag\u00ebshtis\u00eb; kremi me efekt tone-up i jep nj\u00eb pamje t\u00eb ndri\u00e7uar menj\u00ebher\u00eb.<\/p>\n","protected":false},"excerpt":{"rendered":"<p>Vita-C13 Kit nga Merikit \u00ebsht\u00eb nj\u00eb kur\u00eb intensive zbardh\u00ebse q\u00eb p\u00ebrdor 13% Vitamin\u00eb C t\u00eb past\u00ebr, Glutathione, Niacinamide dhe Alpha-Arbutin p\u00ebr t\u00eb zbehur njollat, p\u00ebrmir\u00ebsuar tonin dhe rifreskuar l\u00ebkur\u00ebn. Nj\u00eb rutin\u00eb 5-ditore q\u00eb jep shk\u00eblqim, but\u00ebsi dhe uniformitet t\u00eb duksh\u00ebm.<\/p>\n","protected":false},"featured_media":19168,"comment_status":"open","ping_status":"closed","template":"","meta":{"_acf_changed":false},"product_cat":[1420],"product_tag":[82,84,1033],"class_list":{"0":"post-19713","1":"product","2":"type-product","3":"status-publish","4":"has-post-thumbnail","6":"product_cat-sete","7":"product_tag-me-rrudha","8":"product_tag-normale","9":"product_tag-merikit","10":"pa_brands-merikit","12":"first","13":"instock","14":"shipping-taxable","15":"purchasable","16":"product-type-simple","swatches":"rey-swatches","show_selected":""},"acf":[],"_links":{"self":[{"href":"https:\/\/shop.allure.al\/en\/wp-json\/wp\/v2\/product\/19713","targetHints":{"allow":["GET"]}}],"collection":[{"href":"https:\/\/shop.allure.al\/en\/wp-json\/wp\/v2\/product"}],"about":[{"href":"https:\/\/shop.allure.al\/en\/wp-json\/wp\/v2\/types\/product"}],"replies":[{"embeddable":true,"href":"https:\/\/shop.allure.al\/en\/wp-json\/wp\/v2\/comments?post=19713"}],"version-history":[{"count":2,"href":"https:\/\/shop.allure.al\/en\/wp-json\/wp\/v2\/product\/19713\/revisions"}],"predecessor-version":[{"id":19847,"href":"https:\/\/shop.allure.al\/en\/wp-json\/wp\/v2\/product\/19713\/revisions\/19847"}],"wp:featuredmedia":[{"embeddable":true,"href":"https:\/\/shop.allure.al\/en\/wp-json\/wp\/v2\/media\/19168"}],"wp:attachment":[{"href":"https:\/\/shop.allure.al\/en\/wp-json\/wp\/v2\/media?parent=19713"}],"wp:term":[{"taxonomy":"product_cat","embeddable":true,"href":"https:\/\/shop.allure.al\/en\/wp-json\/wp\/v2\/product_cat?post=19713"},{"taxonomy":"product_tag","embeddable":true,"href":"https:\/\/shop.allure.al\/en\/wp-json\/wp\/v2\/product_tag?post=19713"}],"curies":[{"name":"wp","href":"https:\/\/api.w.org\/{rel}","templated":true}]}}