{"id":19714,"date":"2026-02-17T17:49:55","date_gmt":"2026-02-17T16:49:55","guid":{"rendered":"https:\/\/shop.allure.al\/product\/vita-c13-ampoule\/"},"modified":"2026-02-26T00:43:15","modified_gmt":"2026-02-25T23:43:15","slug":"vita-c13-ampoule","status":"publish","type":"product","link":"https:\/\/shop.allure.al\/en\/product\/vita-c13-ampoule\/","title":{"rendered":"Vita C13 Ampoule"},"content":{"rendered":"<p>Merikit Vita C Spot Ampule \u00ebsht\u00eb nj\u00eb trajtim i avancuar i formuluar me 13% vitamin\u00eb C t\u00eb past\u00ebr, e cila ofron fuqi t\u00eb jasht\u00ebzakonshme n\u00eb luft\u00ebn kund\u00ebr hiperpigmentimit dhe shenjave t\u00eb dukshme t\u00eb d\u00ebmtimit t\u00eb l\u00ebkur\u00ebs. \u00c7do ampul\u00eb \u00ebsht\u00eb e dizajnuar p\u00ebr t\u00eb ofruar nj\u00eb doz\u00eb t\u00eb p\u00ebrqendruar dhe t\u00eb fresk\u00ebt t\u00eb vitamin\u00ebs C, e cila absorbohet n\u00eb m\u00ebnyr\u00eb optimale nga l\u00ebkura, duke siguruar rezultate t\u00eb dukshme dhe afatgjata.<\/p>\n<p>Me p\u00ebrdorim t\u00eb rregullt, ky trajtim ndihmon n\u00eb eleminimin e njollave t\u00eb hershme, zbehjen e qukave dhe reduktimin e shenjave t\u00eb l\u00ebkur\u00ebs t\u00eb shkaktuara nga shtatz\u00ebnia apo nga ndryshimet hormonale. Vitamina C stimulon gjithashtu prodhimin natyral t\u00eb kolagjenit, duke p\u00ebrmir\u00ebsuar elasticitetin e l\u00ebkur\u00ebs dhe duke reduktuar linjat e holla.<\/p>\n<p>Formula \u00ebsht\u00eb e pasur, por e leht\u00eb, dhe punon n\u00eb thell\u00ebsi p\u00ebr t\u00eb sjell\u00eb nj\u00eb shk\u00eblqim t\u00eb ndritsh\u00ebm, nj\u00eb ton m\u00eb uniform dhe nj\u00eb l\u00ebkur\u00eb m\u00eb t\u00eb re dhe t\u00eb fresk\u00ebt. Paketimi n\u00eb 10 ampula individuale siguron freski maksimale t\u00eb p\u00ebrb\u00ebr\u00ebsve aktiv\u00eb dhe higjien\u00eb n\u00eb \u00e7do aplikim, duke i b\u00ebr\u00eb ato perfekte si p\u00ebr p\u00ebrdorim profesional, ashtu edhe p\u00ebr kujdesin e p\u00ebrditsh\u00ebm n\u00eb sht\u00ebpi.<\/p>\n","protected":false},"excerpt":{"rendered":"<p>Merikit Vita C Spot Ampule (13%) \u2013 trajtim intensiv me vitamin\u00eb C t\u00eb past\u00ebr p\u00ebr zbehjen e njollave, qukave dhe pigmentimeve post-shtatz\u00ebni. \u00c7do ampul\u00eb siguron p\u00ebrthithje t\u00eb plot\u00eb, duke dh\u00ebn\u00eb shk\u00eblqim natyral, ton m\u00eb uniform dhe l\u00ebkur\u00eb duksh\u00ebm m\u00eb t\u00eb fresk\u00ebt.<\/p>\n","protected":false},"featured_media":18440,"comment_status":"open","ping_status":"closed","template":"","meta":{"_acf_changed":false},"product_cat":[253],"product_tag":[82,1033,1064],"class_list":{"0":"post-19714","1":"product","2":"type-product","3":"status-publish","4":"has-post-thumbnail","6":"product_cat-ampule","7":"product_tag-me-rrudha","8":"product_tag-merikit","9":"product_tag-ampule","10":"pa_brands-merikit","12":"first","13":"instock","14":"shipping-taxable","15":"purchasable","16":"product-type-simple","swatches":"rey-swatches","show_selected":""},"acf":[],"_links":{"self":[{"href":"https:\/\/shop.allure.al\/en\/wp-json\/wp\/v2\/product\/19714","targetHints":{"allow":["GET"]}}],"collection":[{"href":"https:\/\/shop.allure.al\/en\/wp-json\/wp\/v2\/product"}],"about":[{"href":"https:\/\/shop.allure.al\/en\/wp-json\/wp\/v2\/types\/product"}],"replies":[{"embeddable":true,"href":"https:\/\/shop.allure.al\/en\/wp-json\/wp\/v2\/comments?post=19714"}],"version-history":[{"count":1,"href":"https:\/\/shop.allure.al\/en\/wp-json\/wp\/v2\/product\/19714\/revisions"}],"predecessor-version":[{"id":19805,"href":"https:\/\/shop.allure.al\/en\/wp-json\/wp\/v2\/product\/19714\/revisions\/19805"}],"wp:featuredmedia":[{"embeddable":true,"href":"https:\/\/shop.allure.al\/en\/wp-json\/wp\/v2\/media\/18440"}],"wp:attachment":[{"href":"https:\/\/shop.allure.al\/en\/wp-json\/wp\/v2\/media?parent=19714"}],"wp:term":[{"taxonomy":"product_cat","embeddable":true,"href":"https:\/\/shop.allure.al\/en\/wp-json\/wp\/v2\/product_cat?post=19714"},{"taxonomy":"product_tag","embeddable":true,"href":"https:\/\/shop.allure.al\/en\/wp-json\/wp\/v2\/product_tag?post=19714"}],"curies":[{"name":"wp","href":"https:\/\/api.w.org\/{rel}","templated":true}]}}