{"id":19715,"date":"2026-02-17T17:49:56","date_gmt":"2026-02-17T16:49:56","guid":{"rendered":"https:\/\/shop.allure.al\/product\/vita-c13-cream\/"},"modified":"2026-02-26T00:42:27","modified_gmt":"2026-02-25T23:42:27","slug":"vita-c13-cream","status":"publish","type":"product","link":"https:\/\/shop.allure.al\/en\/product\/vita-c13-cream\/","title":{"rendered":"Vita C13 Cream"},"content":{"rendered":"<p>Krem Vita C13 Merikit me Acid Askorbik (vitamina C e past\u00ebr) dhe Beta-glukan, i formuluar p\u00ebr ndri\u00e7im intensiv dhe anti-plakje. Vitamina C pure ndri\u00e7on tonin e l\u00ebkur\u00ebs nga brenda, redukton hiperpigmentacionin dhe lufton radikalet e lira si antioksidant i fuqish\u00ebm. Beta-glukan rrit imunitetin e l\u00ebkur\u00ebs dhe minimizon irritimin e shkaktuar nga vitamina C me p\u00ebrqendrim t\u00eb lart\u00eb. Niacinamide frenon prodhimin e melanin\u00ebs duke parandaluar njollat e reja, nd\u00ebrkoh\u00eb q\u00eb Adenosine redukton linjat e shprehjes. Ideal si krem dit\u00eb\/nate anti-plakje dhe ndri\u00e7ues.<\/p>\n","protected":false},"excerpt":{"rendered":"<p>Krem ndri\u00e7ues anti-plakje me Acid Askorbik (vitamina C e past\u00ebr), Niacinamide dhe Adenosine. Redukton njollat, ndri\u00e7on tonin dhe lufton shenjat e plakjes.<\/p>\n","protected":false},"featured_media":18440,"comment_status":"open","ping_status":"closed","template":"","meta":{"_acf_changed":false},"product_cat":[1418],"product_tag":[82,1033],"class_list":{"0":"post-19715","1":"product","2":"type-product","3":"status-publish","4":"has-post-thumbnail","6":"product_cat-krem","7":"product_tag-me-rrudha","8":"product_tag-merikit","9":"pa_brands-merikit","11":"first","12":"instock","13":"shipping-taxable","14":"purchasable","15":"product-type-simple","swatches":"rey-swatches","show_selected":""},"acf":[],"_links":{"self":[{"href":"https:\/\/shop.allure.al\/en\/wp-json\/wp\/v2\/product\/19715","targetHints":{"allow":["GET"]}}],"collection":[{"href":"https:\/\/shop.allure.al\/en\/wp-json\/wp\/v2\/product"}],"about":[{"href":"https:\/\/shop.allure.al\/en\/wp-json\/wp\/v2\/types\/product"}],"replies":[{"embeddable":true,"href":"https:\/\/shop.allure.al\/en\/wp-json\/wp\/v2\/comments?post=19715"}],"version-history":[{"count":1,"href":"https:\/\/shop.allure.al\/en\/wp-json\/wp\/v2\/product\/19715\/revisions"}],"predecessor-version":[{"id":19848,"href":"https:\/\/shop.allure.al\/en\/wp-json\/wp\/v2\/product\/19715\/revisions\/19848"}],"wp:featuredmedia":[{"embeddable":true,"href":"https:\/\/shop.allure.al\/en\/wp-json\/wp\/v2\/media\/18440"}],"wp:attachment":[{"href":"https:\/\/shop.allure.al\/en\/wp-json\/wp\/v2\/media?parent=19715"}],"wp:term":[{"taxonomy":"product_cat","embeddable":true,"href":"https:\/\/shop.allure.al\/en\/wp-json\/wp\/v2\/product_cat?post=19715"},{"taxonomy":"product_tag","embeddable":true,"href":"https:\/\/shop.allure.al\/en\/wp-json\/wp\/v2\/product_tag?post=19715"}],"curies":[{"name":"wp","href":"https:\/\/api.w.org\/{rel}","templated":true}]}}