{"id":19716,"date":"2026-02-17T17:49:57","date_gmt":"2026-02-17T16:49:57","guid":{"rendered":"https:\/\/shop.allure.al\/product\/vita-c13-mask\/"},"modified":"2026-02-26T00:43:13","modified_gmt":"2026-02-25T23:43:13","slug":"vita-c13-mask","status":"publish","type":"product","link":"https:\/\/shop.allure.al\/en\/product\/vita-c13-mask\/","title":{"rendered":"Vita C13 Mask"},"content":{"rendered":"<p>Mask\u00eb Vita C13 Merikit me Acid Askorbik me p\u00ebrqendrim t\u00eb lart\u00eb, e formuluar posa\u00e7\u00ebrisht p\u00ebr ndri\u00e7im t\u00eb shpejt\u00eb dhe reduktim t\u00eb njollave. Vitamina C pure ndri\u00e7on menj\u00ebher\u00eb tonin e l\u00ebkur\u00ebs dhe unifikon pap\u00ebrsosm\u00ebrit\u00eb e pigmentacionit. Beta-glukan forcon imunitetin e l\u00ebkur\u00ebs dhe minimizat irritimin e vitamina C s\u00eb koncentruar. Niacinamide parandalon formimin e njollave t\u00eb reja nd\u00ebrsa Adenosine ofron efekte shtes\u00eb anti-rrudh\u00eb. Format 25g\u00d75ea e b\u00ebn ideal si trajtim javor intensiv. Pas 10\u201315 minutave fshihet me sfungjer dhe l\u00ebkura mbetet me shk\u00eblqim, uniforme dhe pa njolla.<\/p>\n","protected":false},"excerpt":{"rendered":"<p>Mask\u00eb ndri\u00e7uese Vita C13 me Acid Askorbik t\u00eb past\u00ebr dhe Niacinamide. Ndri\u00e7on shpejt, unifikon tonin dhe redukton njollat brenda 10\u201315 minutave.<\/p>\n","protected":false},"featured_media":19042,"comment_status":"open","ping_status":"closed","template":"","meta":{"_acf_changed":false},"product_cat":[256],"product_tag":[81,82,1033],"class_list":{"0":"post-19716","1":"product","2":"type-product","3":"status-publish","4":"has-post-thumbnail","6":"product_cat-maska","7":"product_tag-hiperpigmentim","8":"product_tag-me-rrudha","9":"product_tag-merikit","10":"pa_brands-merikit","12":"first","13":"instock","14":"shipping-taxable","15":"purchasable","16":"product-type-simple","swatches":"rey-swatches","show_selected":""},"acf":[],"_links":{"self":[{"href":"https:\/\/shop.allure.al\/en\/wp-json\/wp\/v2\/product\/19716","targetHints":{"allow":["GET"]}}],"collection":[{"href":"https:\/\/shop.allure.al\/en\/wp-json\/wp\/v2\/product"}],"about":[{"href":"https:\/\/shop.allure.al\/en\/wp-json\/wp\/v2\/types\/product"}],"replies":[{"embeddable":true,"href":"https:\/\/shop.allure.al\/en\/wp-json\/wp\/v2\/comments?post=19716"}],"version-history":[{"count":1,"href":"https:\/\/shop.allure.al\/en\/wp-json\/wp\/v2\/product\/19716\/revisions"}],"predecessor-version":[{"id":19851,"href":"https:\/\/shop.allure.al\/en\/wp-json\/wp\/v2\/product\/19716\/revisions\/19851"}],"wp:featuredmedia":[{"embeddable":true,"href":"https:\/\/shop.allure.al\/en\/wp-json\/wp\/v2\/media\/19042"}],"wp:attachment":[{"href":"https:\/\/shop.allure.al\/en\/wp-json\/wp\/v2\/media?parent=19716"}],"wp:term":[{"taxonomy":"product_cat","embeddable":true,"href":"https:\/\/shop.allure.al\/en\/wp-json\/wp\/v2\/product_cat?post=19716"},{"taxonomy":"product_tag","embeddable":true,"href":"https:\/\/shop.allure.al\/en\/wp-json\/wp\/v2\/product_tag?post=19716"}],"curies":[{"name":"wp","href":"https:\/\/api.w.org\/{rel}","templated":true}]}}