{"id":19717,"date":"2026-02-17T17:49:58","date_gmt":"2026-02-17T16:49:58","guid":{"rendered":"https:\/\/shop.allure.al\/product\/vita-c13-powder-ton-up-cream\/"},"modified":"2026-02-26T00:42:26","modified_gmt":"2026-02-25T23:42:26","slug":"vita-c13-powder-ton-up-cream","status":"publish","type":"product","link":"https:\/\/shop.allure.al\/en\/product\/vita-c13-powder-ton-up-cream\/","title":{"rendered":"Vita C13 Powder Ton Up Cream"},"content":{"rendered":"<p>Nj\u00eb formul\u00eb inovative q\u00eb rikthen shk\u00eblqimin e natyrsh\u00ebm t\u00eb l\u00ebkur\u00ebs \u2014 Vita C13 Powder Ton-Up Cream \u00ebsht\u00eb trajtimi p\u00ebrfundimtar n\u00eb \u00e7do rutin\u00eb kujdesi, i krijuar p\u00ebr t\u00eb ndri\u00e7uar, unifikuar dhe p\u00ebr t\u2019i dh\u00ebn\u00eb l\u00ebkur\u00ebs nj\u00eb efekt pasqyre me prekje delikate rrezatimi.<\/p>\n","protected":false},"excerpt":{"rendered":"<p>Nj\u00eb formul\u00eb inovative q\u00eb aktivizohet n\u00eb momentin e kontaktit me l\u00ebkur\u00ebn \u2014 pluhuri i past\u00ebr me Vitamin\u00eb C shnd\u00ebrrohet n\u00eb likuid, duke ndri\u00e7uar menj\u00ebher\u00eb dhe unifikuar tonin e l\u00ebkur\u00ebs.<\/p>\n","protected":false},"featured_media":19043,"comment_status":"open","ping_status":"closed","template":"","meta":{"_acf_changed":false},"product_cat":[1418],"product_tag":[82,1033],"class_list":{"0":"post-19717","1":"product","2":"type-product","3":"status-publish","4":"has-post-thumbnail","6":"product_cat-krem","7":"product_tag-me-rrudha","8":"product_tag-merikit","9":"pa_brands-merikit","11":"first","12":"instock","13":"shipping-taxable","14":"purchasable","15":"product-type-simple","swatches":"rey-swatches","show_selected":""},"acf":[],"_links":{"self":[{"href":"https:\/\/shop.allure.al\/en\/wp-json\/wp\/v2\/product\/19717","targetHints":{"allow":["GET"]}}],"collection":[{"href":"https:\/\/shop.allure.al\/en\/wp-json\/wp\/v2\/product"}],"about":[{"href":"https:\/\/shop.allure.al\/en\/wp-json\/wp\/v2\/types\/product"}],"replies":[{"embeddable":true,"href":"https:\/\/shop.allure.al\/en\/wp-json\/wp\/v2\/comments?post=19717"}],"version-history":[{"count":1,"href":"https:\/\/shop.allure.al\/en\/wp-json\/wp\/v2\/product\/19717\/revisions"}],"predecessor-version":[{"id":19849,"href":"https:\/\/shop.allure.al\/en\/wp-json\/wp\/v2\/product\/19717\/revisions\/19849"}],"wp:featuredmedia":[{"embeddable":true,"href":"https:\/\/shop.allure.al\/en\/wp-json\/wp\/v2\/media\/19043"}],"wp:attachment":[{"href":"https:\/\/shop.allure.al\/en\/wp-json\/wp\/v2\/media?parent=19717"}],"wp:term":[{"taxonomy":"product_cat","embeddable":true,"href":"https:\/\/shop.allure.al\/en\/wp-json\/wp\/v2\/product_cat?post=19717"},{"taxonomy":"product_tag","embeddable":true,"href":"https:\/\/shop.allure.al\/en\/wp-json\/wp\/v2\/product_tag?post=19717"}],"curies":[{"name":"wp","href":"https:\/\/api.w.org\/{rel}","templated":true}]}}