{"id":19718,"date":"2026-02-17T17:49:59","date_gmt":"2026-02-17T16:49:59","guid":{"rendered":"https:\/\/shop.allure.al\/product\/vita-c13-return-cream\/"},"modified":"2026-02-26T00:42:24","modified_gmt":"2026-02-25T23:42:24","slug":"vita-c13-return-cream","status":"publish","type":"product","link":"https:\/\/shop.allure.al\/en\/product\/vita-c13-return-cream\/","title":{"rendered":"Vita C13 Return Cream"},"content":{"rendered":"<p>Nj\u00eb krem i avancuar rigjenerues me Vitamin\u00eb C t\u00eb past\u00ebr 13%, i formuluar p\u00ebr t\u00eb rivendosur shk\u00eblqimin, elasticitetin dhe gjall\u00ebrin\u00eb e l\u00ebkur\u00ebs. Merikit Vita-C 13 Return Cream vepron n\u00eb thell\u00ebsi p\u00ebr t\u00eb stimuluar prodhimin e kolagjenit, zbehur njollat pigmentare dhe rikthyer uniformitetin e tonit t\u00eb l\u00ebkur\u00ebs.<br \/>\nFormula e tij \u00ebsht\u00eb e pasur me antioksidant\u00eb, ekstrakte bimore qet\u00ebsuese dhe p\u00ebrb\u00ebr\u00ebs hidratues q\u00eb forcojn\u00eb barrier\u00ebn mbrojt\u00ebse, duke l\u00ebn\u00eb pas nj\u00eb l\u00ebkur\u00eb t\u00eb ndritshme, t\u00eb l\u00ebmuar dhe t\u00eb fresk\u00ebt.<\/p>\n","protected":false},"excerpt":{"rendered":"<p>Krem i pasur me Vitamin\u00eb C t\u00eb past\u00ebr (13%) dhe Coenzyme Q10, q\u00eb ndri\u00e7on, rigjeneron dhe mbron l\u00ebkur\u00ebn nga stresi oksidativ. P\u00ebr nj\u00eb l\u00ebkur\u00eb t\u00eb sh\u00ebndetshme, t\u00eb gjall\u00eb dhe me shk\u00eblqim natyral.<\/p>\n","protected":false},"featured_media":19086,"comment_status":"open","ping_status":"closed","template":"","meta":{"_acf_changed":false},"product_cat":[1418],"product_tag":[81,82,1028,1033],"class_list":{"0":"post-19718","1":"product","2":"type-product","3":"status-publish","4":"has-post-thumbnail","6":"product_cat-krem","7":"product_tag-hiperpigmentim","8":"product_tag-me-rrudha","9":"product_tag-cream","10":"product_tag-merikit","11":"pa_brands-merikit","13":"first","14":"instock","15":"shipping-taxable","16":"purchasable","17":"product-type-simple","swatches":"rey-swatches","show_selected":""},"acf":[],"_links":{"self":[{"href":"https:\/\/shop.allure.al\/en\/wp-json\/wp\/v2\/product\/19718","targetHints":{"allow":["GET"]}}],"collection":[{"href":"https:\/\/shop.allure.al\/en\/wp-json\/wp\/v2\/product"}],"about":[{"href":"https:\/\/shop.allure.al\/en\/wp-json\/wp\/v2\/types\/product"}],"replies":[{"embeddable":true,"href":"https:\/\/shop.allure.al\/en\/wp-json\/wp\/v2\/comments?post=19718"}],"version-history":[{"count":1,"href":"https:\/\/shop.allure.al\/en\/wp-json\/wp\/v2\/product\/19718\/revisions"}],"predecessor-version":[{"id":19852,"href":"https:\/\/shop.allure.al\/en\/wp-json\/wp\/v2\/product\/19718\/revisions\/19852"}],"wp:featuredmedia":[{"embeddable":true,"href":"https:\/\/shop.allure.al\/en\/wp-json\/wp\/v2\/media\/19086"}],"wp:attachment":[{"href":"https:\/\/shop.allure.al\/en\/wp-json\/wp\/v2\/media?parent=19718"}],"wp:term":[{"taxonomy":"product_cat","embeddable":true,"href":"https:\/\/shop.allure.al\/en\/wp-json\/wp\/v2\/product_cat?post=19718"},{"taxonomy":"product_tag","embeddable":true,"href":"https:\/\/shop.allure.al\/en\/wp-json\/wp\/v2\/product_tag?post=19718"}],"curies":[{"name":"wp","href":"https:\/\/api.w.org\/{rel}","templated":true}]}}