{"id":19719,"date":"2026-02-17T17:50:00","date_gmt":"2026-02-17T16:50:00","guid":{"rendered":"https:\/\/shop.allure.al\/product\/vita-c13-return-serum\/"},"modified":"2026-02-26T00:43:12","modified_gmt":"2026-02-25T23:43:12","slug":"vita-c13-return-serum","status":"publish","type":"product","link":"https:\/\/shop.allure.al\/en\/product\/vita-c13-return-serum\/","title":{"rendered":"Vita C13 Return Serum"},"content":{"rendered":"<p>Nj\u00eb formul\u00eb e avancuar e krijuar p\u00ebr t\u00eb rikthyer drit\u00ebn, vitalitetin dhe elasticitetin e l\u00ebkur\u00ebs. Merikit Vita-C Return Serum p\u00ebrmban 13% acid L-Askorbik t\u00eb past\u00ebr \u2013 form\u00ebn m\u00eb aktive dhe efi\u00e7ente t\u00eb vitamin\u00ebs C \u2013 e njohur p\u00ebr fuqin\u00eb e saj antioksiduese dhe rigjeneruese.<\/p>\n<p>Ky serum punon n\u00eb nivele t\u00eb thella t\u00eb epiderm\u00ebs, duke ndihmuar n\u00eb zbehjen e njollave pigmentare, unifikimin e tonit t\u00eb l\u00ebkur\u00ebs dhe stimulimin e prodhimit t\u00eb kolagjenit, p\u00ebr nj\u00eb pamje m\u00eb t\u00eb l\u00ebmuar, t\u00eb tonifikuar dhe t\u00eb ndritshme.<\/p>\n","protected":false},"excerpt":{"rendered":"<p>Nj\u00eb serum i fuqish\u00ebm me 13% Vitamin\u00eb C t\u00eb past\u00ebr (Acid L-Askorbik), i formuluar p\u00ebr t\u00eb ndri\u00e7uar, rigjeneruar dhe forcuar l\u00ebkur\u00ebn. Stimulon prodhimin e kolagjenit, zbeh njollat pigmentare dhe rikthen nj\u00eb pamje t\u00eb sh\u00ebndetshme e t\u00eb shndritshme.<\/p>\n","protected":false},"featured_media":19063,"comment_status":"open","ping_status":"closed","template":"","meta":{"_acf_changed":false},"product_cat":[254],"product_tag":[81,82,1033],"class_list":{"0":"post-19719","1":"product","2":"type-product","3":"status-publish","4":"has-post-thumbnail","6":"product_cat-serum","7":"product_tag-hiperpigmentim","8":"product_tag-me-rrudha","9":"product_tag-merikit","10":"pa_brands-merikit","12":"first","13":"instock","14":"shipping-taxable","15":"purchasable","16":"product-type-simple","swatches":"rey-swatches","show_selected":""},"acf":[],"_links":{"self":[{"href":"https:\/\/shop.allure.al\/en\/wp-json\/wp\/v2\/product\/19719","targetHints":{"allow":["GET"]}}],"collection":[{"href":"https:\/\/shop.allure.al\/en\/wp-json\/wp\/v2\/product"}],"about":[{"href":"https:\/\/shop.allure.al\/en\/wp-json\/wp\/v2\/types\/product"}],"replies":[{"embeddable":true,"href":"https:\/\/shop.allure.al\/en\/wp-json\/wp\/v2\/comments?post=19719"}],"version-history":[{"count":1,"href":"https:\/\/shop.allure.al\/en\/wp-json\/wp\/v2\/product\/19719\/revisions"}],"predecessor-version":[{"id":19850,"href":"https:\/\/shop.allure.al\/en\/wp-json\/wp\/v2\/product\/19719\/revisions\/19850"}],"wp:featuredmedia":[{"embeddable":true,"href":"https:\/\/shop.allure.al\/en\/wp-json\/wp\/v2\/media\/19063"}],"wp:attachment":[{"href":"https:\/\/shop.allure.al\/en\/wp-json\/wp\/v2\/media?parent=19719"}],"wp:term":[{"taxonomy":"product_cat","embeddable":true,"href":"https:\/\/shop.allure.al\/en\/wp-json\/wp\/v2\/product_cat?post=19719"},{"taxonomy":"product_tag","embeddable":true,"href":"https:\/\/shop.allure.al\/en\/wp-json\/wp\/v2\/product_tag?post=19719"}],"curies":[{"name":"wp","href":"https:\/\/api.w.org\/{rel}","templated":true}]}}