{"id":19720,"date":"2026-02-17T17:50:01","date_gmt":"2026-02-17T16:50:01","guid":{"rendered":"https:\/\/shop.allure.al\/product\/waterfull-green-sun-cream\/"},"modified":"2026-02-26T00:42:23","modified_gmt":"2026-02-25T23:42:23","slug":"waterfull-green-sun-cream","status":"publish","type":"product","link":"https:\/\/shop.allure.al\/en\/product\/waterfull-green-sun-cream\/","title":{"rendered":"Waterfull Green Sun Cream"},"content":{"rendered":"<p>Ronas Waterfull Green Sun Cream \u00ebsht\u00eb nj\u00eb krem dielli premium i dizajnuar p\u00ebr t\u00eb kombinuar mbrojtjen maksimale UV me kujdesin anti-mosh\u00eb dhe hidratimin thell\u00ebsor, n\u00eb nj\u00eb formula elegante dhe shum\u00eb-funksionale. Me proteksion SPF 50+ \/ PA++++, ky krem p\u00ebrdor filtra t\u00eb gjenerat\u00ebs s\u00eb re (Tinosorb S, Uvinul T150, Tinosorb M) p\u00ebr t\u00eb ofruar mbrojtje t\u00eb gjer\u00eb nga rrezet UVA dhe UVB pa komprometuar but\u00ebsin\u00eb apo komoditetin e p\u00ebrdorimit. Tekstura e tij e leht\u00eb, kremoze dhe \u201cwaterproof\u201d absorbohet shpejt dhe nuk l\u00eb nj\u00eb film t\u00eb bardh\u00eb n\u00eb l\u00ebkur\u00eb, duke ofruar nj\u00eb ndjesi natyrale dhe t\u00eb leht\u00eb.<\/p>\n<p>Por Waterfull Green Cream nuk \u00ebsht\u00eb vet\u00ebm mbrojtje dielli \u2013 \u00ebsht\u00eb nj\u00eb ritual kujdesi. Formula e pasuruar me niacinamide ofron hidracion dhe ndri\u00e7im, redukton poret, rrudhat e imta dhe njollat e mosh\u00ebs. Adenozina p\u00ebrmir\u00ebson elasticitetin dhe p\u00ebrmbush struktur\u00ebn e l\u00ebkur\u00ebs, nd\u00ebrsa kompleksi prej 8 peptid\u00ebsh stimulon rigjenerimin qelizor dhe prodhimin e kolagjenit p\u00ebr nj\u00eb pamje m\u00eb t\u00eb fort\u00eb dhe m\u00eb rinore.<\/p>\n<p>P\u00ebr m\u00eb tep\u00ebr, ekstraktet botanike t\u00eb Centella Asiatica, houteyna Cordata dhe \u00e7aji jeshil (Green Tea) veprojn\u00eb si mburoj\u00eb antioksidante dhe qet\u00ebsuese \u2013 duke neutralizuar stresin oksidativ dhe inflamacionin, sidomos pas ekspozimit n\u00eb diell. Panthenoli plot\u00ebson formul\u00ebn me fuqi qet\u00ebsuese, duke ndihmuar rigjenerimin e l\u00ebkur\u00ebs dhe duke e b\u00ebr\u00eb m\u00eb t\u00eb but\u00eb dhe t\u00eb komfortueshme.<\/p>\n<p>N\u00eb p\u00ebrdorim t\u00eb p\u00ebrditsh\u00ebm, ky krem \u00ebsht\u00eb hapi p\u00ebrfundimtar n\u00eb rutin\u00ebn t\u00ebnde t\u00eb m\u00ebngjesit: aplikoni 1\u20132 ml si hapin e fundit t\u00eb kujdesit, masazho leht\u00eb sip\u00ebr fytyr\u00ebs, dhe vazhdo me make-up ose mos. Fal\u00eb tekstur\u00ebs s\u00eb tij t\u00eb fresk\u00ebt dhe \u201cwaterproof\u201d, \u00ebsht\u00eb ideal p\u00ebr dit\u00eb aktive, p\u00ebr dit\u00eb me ekspozim t\u00eb diellit dhe p\u00ebr situata ku d\u00ebshiron mbrojtje pa ndjesin\u00eb e nj\u00eb kremi t\u00eb r\u00ebnd\u00eb.<\/p>\n","protected":false},"excerpt":{"rendered":"<p>Ronas Waterfull Green Sun Cream \u00ebsht\u00eb nj\u00eb krem dielli inovativ me SPF\u202f50+ \/ PA++++ q\u00eb mbron fuqish\u00ebm nga rrezet UV, nd\u00ebrkoh\u00eb q\u00eb kujdeset p\u00ebr elasticitetin dhe hidrimin e l\u00ebkur\u00ebs. Formula e tij e leht\u00eb p\u00ebrthithet menj\u00ebher\u00eb, nuk l\u00eb film t\u00eb bardh\u00eb dhe siguron nj\u00eb p\u00ebrvoj\u00eb shum\u00eb-funksionale: mbrojtje dielli + anti-age + qet\u00ebsim.<\/p>\n","protected":false},"featured_media":19064,"comment_status":"open","ping_status":"closed","template":"","meta":{"_acf_changed":false},"product_cat":[1418,258],"product_tag":[82,84,1028,1108],"class_list":{"0":"post-19720","1":"product","2":"type-product","3":"status-publish","4":"has-post-thumbnail","6":"product_cat-krem","7":"product_cat-spf","8":"product_tag-me-rrudha","9":"product_tag-normale","10":"product_tag-cream","11":"product_tag-ronas","12":"pa_brands-merikit","14":"first","15":"instock","16":"shipping-taxable","17":"purchasable","18":"product-type-simple","swatches":"rey-swatches","show_selected":""},"acf":[],"_links":{"self":[{"href":"https:\/\/shop.allure.al\/en\/wp-json\/wp\/v2\/product\/19720","targetHints":{"allow":["GET"]}}],"collection":[{"href":"https:\/\/shop.allure.al\/en\/wp-json\/wp\/v2\/product"}],"about":[{"href":"https:\/\/shop.allure.al\/en\/wp-json\/wp\/v2\/types\/product"}],"replies":[{"embeddable":true,"href":"https:\/\/shop.allure.al\/en\/wp-json\/wp\/v2\/comments?post=19720"}],"version-history":[{"count":0,"href":"https:\/\/shop.allure.al\/en\/wp-json\/wp\/v2\/product\/19720\/revisions"}],"wp:featuredmedia":[{"embeddable":true,"href":"https:\/\/shop.allure.al\/en\/wp-json\/wp\/v2\/media\/19064"}],"wp:attachment":[{"href":"https:\/\/shop.allure.al\/en\/wp-json\/wp\/v2\/media?parent=19720"}],"wp:term":[{"taxonomy":"product_cat","embeddable":true,"href":"https:\/\/shop.allure.al\/en\/wp-json\/wp\/v2\/product_cat?post=19720"},{"taxonomy":"product_tag","embeddable":true,"href":"https:\/\/shop.allure.al\/en\/wp-json\/wp\/v2\/product_tag?post=19720"}],"curies":[{"name":"wp","href":"https:\/\/api.w.org\/{rel}","templated":true}]}}