{"id":19722,"date":"2026-02-17T17:50:03","date_gmt":"2026-02-17T16:50:03","guid":{"rendered":"https:\/\/shop.allure.al\/product\/wrinkle-care-cream\/"},"modified":"2026-02-26T00:42:21","modified_gmt":"2026-02-25T23:42:21","slug":"wrinkle-care-cream","status":"publish","type":"product","link":"https:\/\/shop.allure.al\/en\/product\/wrinkle-care-cream\/","title":{"rendered":"Wrinkle Care Cream"},"content":{"rendered":"<p>Krem syri anti-rrudh\u00eb Merikit me rH-Oligopeptide-1 (EGF) p\u00ebr firmosje dhe ndri\u00e7im t\u00eb zon\u00ebs delikate rreth syve. EGF nxit rigjenerimin natyral t\u00eb qelizave dhe prodhimin e kolagjenit, duke reduktuar rrudhat fine, qeset dhe njollat e err\u00ebta rreth syve. Ingredient\u00ebt hidratues mbajn\u00eb lag\u00ebshtin\u00eb dhe elasticitetin e l\u00ebkur\u00ebs s\u00eb holl\u00eb rreth syve, duke parandaluar shfaqjen e shenjave t\u00eb reja t\u00eb plakjes. Aplikohet me masazh t\u00eb but\u00eb p\u00ebr stimulim optimal t\u00eb mikrocirkulacionit.<\/p>\n","protected":false},"excerpt":{"rendered":"<p>Krem syri anti-rrudh\u00eb me EGF dhe peptide. Firmos, ndri\u00e7on dhe hidraton zon\u00ebn delikate rreth syve, duke reduktuar qeset dhe rrudhat fine.<\/p>\n","protected":false},"featured_media":19066,"comment_status":"open","ping_status":"closed","template":"","meta":{"_acf_changed":false},"product_cat":[1418],"product_tag":[82,1033],"class_list":{"0":"post-19722","1":"product","2":"type-product","3":"status-publish","4":"has-post-thumbnail","6":"product_cat-krem","7":"product_tag-me-rrudha","8":"product_tag-merikit","9":"pa_brands-merikit","11":"first","12":"instock","13":"shipping-taxable","14":"purchasable","15":"product-type-simple","swatches":"rey-swatches","show_selected":""},"acf":[],"_links":{"self":[{"href":"https:\/\/shop.allure.al\/en\/wp-json\/wp\/v2\/product\/19722","targetHints":{"allow":["GET"]}}],"collection":[{"href":"https:\/\/shop.allure.al\/en\/wp-json\/wp\/v2\/product"}],"about":[{"href":"https:\/\/shop.allure.al\/en\/wp-json\/wp\/v2\/types\/product"}],"replies":[{"embeddable":true,"href":"https:\/\/shop.allure.al\/en\/wp-json\/wp\/v2\/comments?post=19722"}],"version-history":[{"count":2,"href":"https:\/\/shop.allure.al\/en\/wp-json\/wp\/v2\/product\/19722\/revisions"}],"predecessor-version":[{"id":19829,"href":"https:\/\/shop.allure.al\/en\/wp-json\/wp\/v2\/product\/19722\/revisions\/19829"}],"wp:featuredmedia":[{"embeddable":true,"href":"https:\/\/shop.allure.al\/en\/wp-json\/wp\/v2\/media\/19066"}],"wp:attachment":[{"href":"https:\/\/shop.allure.al\/en\/wp-json\/wp\/v2\/media?parent=19722"}],"wp:term":[{"taxonomy":"product_cat","embeddable":true,"href":"https:\/\/shop.allure.al\/en\/wp-json\/wp\/v2\/product_cat?post=19722"},{"taxonomy":"product_tag","embeddable":true,"href":"https:\/\/shop.allure.al\/en\/wp-json\/wp\/v2\/product_tag?post=19722"}],"curies":[{"name":"wp","href":"https:\/\/api.w.org\/{rel}","templated":true}]}}